{"id":1057,"date":"2016-06-02T16:40:11","date_gmt":"2016-06-02T14:40:11","guid":{"rendered":"http:\/\/jeanette-wolff-schule-dortmund.de\/wordpress\/?page_id=1057"},"modified":"2016-06-02T16:40:11","modified_gmt":"2016-06-02T14:40:11","slug":"zukunftsfinder","status":"publish","type":"page","link":"https:\/\/jeanette-wolff-schule-dortmund.de\/wordpress\/zukunftsfinder\/","title":{"rendered":"Zukunftsfinder"},"content":{"rendered":"<div id=\"pl-1057\"  class=\"panel-layout\" ><div id=\"pg-1057-0\"  class=\"panel-grid panel-no-style\" ><div id=\"pgc-1057-0-0\"  class=\"panel-grid-cell\" ><div id=\"panel-1057-0-0-0\" class=\"so-panel widget widget_black-studio-tinymce widget_black_studio_tinymce panel-first-child panel-last-child\" data-index=\"0\" ><div class=\"textwidget\"><p><img decoding=\"async\" src=\"http:\/\/jeanette-wolff-schule-dortmund.de\/wordpress\/wp-content\/uploads\/logo_zukunftsfinder.png\" \/><\/p>\n<\/div><\/div><\/div><\/div><div id=\"pg-1057-1\"  class=\"panel-grid panel-no-style\" ><div id=\"pgc-1057-1-0\"  class=\"panel-grid-cell\" ><div id=\"panel-1057-1-0-0\" class=\"so-panel widget widget_black-studio-tinymce widget_black_studio_tinymce panel-first-child panel-last-child\" data-index=\"1\" ><div class=\"textwidget\"><p style=\"text-align: justify;\">Auf der Internetplattform <a href=\"http:\/\/www.zukunftsfinder.de\">www.zukunftsfinder.de<\/a>\u00a0des Fachbereichs Schule der Stadt Dortmund gibt es\u00a0alle wichtigen Infos und Tipps rund um Schule, Ausbildung, Studium und Co. in Dortmund.<br \/> F\u00fcr Sch\u00fcler\/innen, Lehrkr\u00e4fte und Eltern werden hier alle wichtigen Informationen, Internetseiten, Angebote und Ansprechpartner zusammen gefasst dargestellt. Au\u00dferdem gibt es f\u00fcr alle Zielgruppen die M\u00f6glichkeit unkompliziert und einfach alle Fragen \u00fcber das Kontaktformular auf der Seite zu stellen.<\/p>\n<\/div><\/div><\/div><\/div><\/div>","protected":false},"excerpt":{"rendered":"<p>Auf der Internetplattform www.zukunftsfinder.de\u00a0des Fachbereichs Schule der Stadt Dortmund gibt es\u00a0alle wichtigen Infos und Tipps rund um Schule, Ausbildung, Studium und Co. in Dortmund. F\u00fcr Sch\u00fcler\/innen, Lehrkr\u00e4fte und Eltern werden hier alle wichtigen Informationen, Internetseiten, Angebote und Ansprechpartner zusammen gefasst dargestellt. Au\u00dferdem gibt es f\u00fcr alle Zielgruppen die M\u00f6glichkeit unkompliziert und einfach alle Fragen \u00fcber [&hellip;]<\/p>\n","protected":false},"author":1,"featured_media":0,"parent":0,"menu_order":0,"comment_status":"closed","ping_status":"closed","template":"","meta":{"ngg_post_thumbnail":0,"footnotes":""},"class_list":["post-1057","page","type-page","status-publish","hentry"],"_links":{"self":[{"href":"https:\/\/jeanette-wolff-schule-dortmund.de\/wordpress\/wp-json\/wp\/v2\/pages\/1057","targetHints":{"allow":["GET"]}}],"collection":[{"href":"https:\/\/jeanette-wolff-schule-dortmund.de\/wordpress\/wp-json\/wp\/v2\/pages"}],"about":[{"href":"https:\/\/jeanette-wolff-schule-dortmund.de\/wordpress\/wp-json\/wp\/v2\/types\/page"}],"author":[{"embeddable":true,"href":"https:\/\/jeanette-wolff-schule-dortmund.de\/wordpress\/wp-json\/wp\/v2\/users\/1"}],"replies":[{"embeddable":true,"href":"https:\/\/jeanette-wolff-schule-dortmund.de\/wordpress\/wp-json\/wp\/v2\/comments?post=1057"}],"version-history":[{"count":4,"href":"https:\/\/jeanette-wolff-schule-dortmund.de\/wordpress\/wp-json\/wp\/v2\/pages\/1057\/revisions"}],"predecessor-version":[{"id":1065,"href":"https:\/\/jeanette-wolff-schule-dortmund.de\/wordpress\/wp-json\/wp\/v2\/pages\/1057\/revisions\/1065"}],"wp:attachment":[{"href":"https:\/\/jeanette-wolff-schule-dortmund.de\/wordpress\/wp-json\/wp\/v2\/media?parent=1057"}],"curies":[{"name":"wp","href":"https:\/\/api.w.org\/{rel}","templated":true}]}}