{"id":106,"date":"2014-08-25T09:26:09","date_gmt":"2014-08-25T07:26:09","guid":{"rendered":"http:\/\/localhost\/wordpress\/?page_id=106"},"modified":"2015-09-01T17:42:35","modified_gmt":"2015-09-01T15:42:35","slug":"wer-war-jeanette-wolff","status":"publish","type":"page","link":"https:\/\/jeanette-wolff-schule-dortmund.de\/wordpress\/schule\/wer-war-jeanette-wolff\/","title":{"rendered":"Wer war Jeanette Wolff?"},"content":{"rendered":"<div id=\"pl-106\"  class=\"panel-layout\" ><div id=\"pg-106-0\"  class=\"panel-grid panel-no-style\" ><div id=\"pgc-106-0-0\"  class=\"panel-grid-cell\" ><div id=\"panel-106-0-0-0\" class=\"so-panel widget widget_black-studio-tinymce widget_black_studio_tinymce panel-first-child panel-last-child\" data-index=\"0\" ><div class=\"textwidget\"><p><img decoding=\"async\" src=\"\/wordpress\/wp-content\/uploads\/2014\/10\/1-Jeanette-Wolff.jpg\" \/><\/p>\n<\/div><\/div><\/div><div id=\"pgc-106-0-1\"  class=\"panel-grid-cell\" ><div id=\"panel-106-0-1-0\" class=\"so-panel widget widget_black-studio-tinymce widget_black_studio_tinymce panel-first-child panel-last-child\" data-index=\"1\" ><div class=\"textwidget\"><p style=\"text-align: justify;\">Jeanette Wolff (geborene Cohen) wurde als erste Tochter eines j\u00fcdischen Kaufmanns am 22. Juni 1888 in Bocholt geboren. Sie verlebte ihre Kindheit in Bocholt. Nach Abschluss der Volksschule begann sie 1904 eine Ausbildung zur Erzieherin in Br\u00fcssel. Dort fand sie zur Politik und trat 1905 der Sozialdemokratischen Partei bei.<\/p>\n<p style=\"text-align: justify;\">Nach zwei schweren Schicksalsschl\u00e4gen - dem Verlust ihrer ersten Tochter Margarieta und ihrem ersten Mann Philipp Fuldauer - vertiefte sie sich in ihre Arbeit als Erzieherin und bildete sich in Abendkursen weiter. Im Jahre 1911 heiratete sie den Kaufmann Hermann Wolff, mit dem sie drei T\u00f6chter bekam. Sie betrieben gemeinsam eine kleine Textilfabrik in Bocholt.<\/p>\n<p style=\"text-align: justify;\">\u00a0<\/p>\n<\/div><\/div><\/div><\/div><div id=\"pg-106-1\"  class=\"panel-grid panel-no-style\" ><div id=\"pgc-106-1-0\"  class=\"panel-grid-cell\" ><div id=\"panel-106-1-0-0\" class=\"so-panel widget widget_black-studio-tinymce widget_black_studio_tinymce panel-first-child panel-last-child\" data-index=\"2\" ><div class=\"textwidget\"><p style=\"text-align: justify;\">Jeanette Wolff setzte sich stark f\u00fcr das aktive und passive Wahlrecht von Frauen ein. Ihr gro\u00dfes politisches Engagement m\u00fcndete in ihrer Wahl in den Vorstand der Sozialdemokraten f\u00fcr das westliche Westfalen und in die Stadtverordnetenversammlung von Bocholt.<\/p>\n<p style=\"text-align: justify;\">Der soeben zur Macht gekommenen NSDAP war Jeanette Wolff als J\u00fcdin und \u00fcberzeugte Sozialdemokratin ein Dorn im Auge - bereits 1933 wurde sie in Schutzhaft genommen und f\u00fcr zwei Jahre inhaftiert.<\/p>\n<p style=\"text-align: justify;\">Hermann Wolff wurde in der Reichsprogromnacht in das KZ Sachsenhausen verschleppt. Jeanette Wolff und ihren drei T\u00f6chtern wurde ein sogenanntes \"Judenhaus\" in Dortmund Mengede zugewiesen. Dieses Haus steht auch heute noch. An die geschichtliche Bedeutung erinnert uns ein \"Stolperstein\".<\/p>\n<p style=\"text-align: justify;\">Im Januar 1942 wurde Jeanette Wolff mit ihren T\u00f6chtern zun\u00e4chst in das Ghetto Riga deportiert, anschlie\u00dfend brachte man sie ins KZ Stutthof. Mit viel Disziplin erhielt sie im KZ ihren Lebenswillen. Von ihrer Familie \u00fcberlebten nur sie und ihre Tochter Edith den Holocaust.<\/p>\n<p style=\"text-align: justify;\">Kaum zur\u00fcckgekehrt widmet sie sich verst\u00e4rkt der Politik. Im Oktober 1946 wurde sie in die Berliner Stadtverordnetenversammlung gew\u00e4hlt.\u00a0Von 1952 bis 1961 geh\u00f6rte sie dem Deutschen Bundestag an.<\/p>\n<p style=\"text-align: justify;\">(Quelle: Bernd Faulenbach (Hg.):\u00a0<em>Habt den Mut zu menschlichem Tun. Die J\u00fcdin und Demokratin Jeanette Wolff in ihrer Zeit (1888 - 1976).\u00a0<\/em>Klartext Verlag, 2002.)<\/p>\n<\/div><\/div><\/div><\/div><\/div>","protected":false},"excerpt":{"rendered":"<p>Jeanette Wolff (geborene Cohen) wurde als erste Tochter eines j\u00fcdischen Kaufmanns am 22. Juni 1888 in Bocholt geboren. Sie verlebte ihre Kindheit in Bocholt. Nach Abschluss der Volksschule begann sie 1904 eine Ausbildung zur Erzieherin in Br\u00fcssel. Dort fand sie zur Politik und trat 1905 der Sozialdemokratischen Partei bei.Nach zwei schweren Schicksalsschl\u00e4gen &#8211; dem Verlust [&hellip;]<\/p>\n","protected":false},"author":1,"featured_media":0,"parent":10,"menu_order":0,"comment_status":"closed","ping_status":"closed","template":"","meta":{"ngg_post_thumbnail":0,"footnotes":""},"class_list":["post-106","page","type-page","status-publish","hentry"],"_links":{"self":[{"href":"https:\/\/jeanette-wolff-schule-dortmund.de\/wordpress\/wp-json\/wp\/v2\/pages\/106","targetHints":{"allow":["GET"]}}],"collection":[{"href":"https:\/\/jeanette-wolff-schule-dortmund.de\/wordpress\/wp-json\/wp\/v2\/pages"}],"about":[{"href":"https:\/\/jeanette-wolff-schule-dortmund.de\/wordpress\/wp-json\/wp\/v2\/types\/page"}],"author":[{"embeddable":true,"href":"https:\/\/jeanette-wolff-schule-dortmund.de\/wordpress\/wp-json\/wp\/v2\/users\/1"}],"replies":[{"embeddable":true,"href":"https:\/\/jeanette-wolff-schule-dortmund.de\/wordpress\/wp-json\/wp\/v2\/comments?post=106"}],"version-history":[{"count":11,"href":"https:\/\/jeanette-wolff-schule-dortmund.de\/wordpress\/wp-json\/wp\/v2\/pages\/106\/revisions"}],"predecessor-version":[{"id":794,"href":"https:\/\/jeanette-wolff-schule-dortmund.de\/wordpress\/wp-json\/wp\/v2\/pages\/106\/revisions\/794"}],"up":[{"embeddable":true,"href":"https:\/\/jeanette-wolff-schule-dortmund.de\/wordpress\/wp-json\/wp\/v2\/pages\/10"}],"wp:attachment":[{"href":"https:\/\/jeanette-wolff-schule-dortmund.de\/wordpress\/wp-json\/wp\/v2\/media?parent=106"}],"curies":[{"name":"wp","href":"https:\/\/api.w.org\/{rel}","templated":true}]}}