{"id":1181,"date":"2017-02-13T07:00:59","date_gmt":"2017-02-13T06:00:59","guid":{"rendered":"http:\/\/jeanette-wolff-schule-dortmund.de\/wordpress\/?page_id=1181"},"modified":"2017-02-13T07:00:59","modified_gmt":"2017-02-13T06:00:59","slug":"unser-pausenraum","status":"publish","type":"page","link":"https:\/\/jeanette-wolff-schule-dortmund.de\/wordpress\/unser-pausenraum\/","title":{"rendered":"Unser Pausenraum"},"content":{"rendered":"<div id=\"pl-1181\"  class=\"panel-layout\" ><div id=\"pg-1181-0\"  class=\"panel-grid panel-no-style\" ><div id=\"pgc-1181-0-0\"  class=\"panel-grid-cell\" ><div id=\"panel-1181-0-0-0\" class=\"so-panel widget widget_siteorigin-panels-image panel-first-child panel-last-child\" data-index=\"0\" ><img decoding=\"async\" src=\"http:\/\/jeanette-wolff-schule-dortmund.de\/wordpress\/wp-content\/uploads\/IMG_2375.jpg\" \/><\/div><\/div><div id=\"pgc-1181-0-1\"  class=\"panel-grid-cell\" ><div id=\"panel-1181-0-1-0\" class=\"so-panel widget widget_siteorigin-panels-image panel-first-child panel-last-child\" data-index=\"1\" ><img decoding=\"async\" src=\"http:\/\/jeanette-wolff-schule-dortmund.de\/wordpress\/wp-content\/uploads\/IMG_2374.jpg\" \/><\/div><\/div><\/div><div id=\"pg-1181-1\"  class=\"panel-grid panel-no-style\" ><div id=\"pgc-1181-1-0\"  class=\"panel-grid-cell\" ><div id=\"panel-1181-1-0-0\" class=\"so-panel widget widget_black-studio-tinymce widget_black_studio_tinymce panel-first-child panel-last-child\" data-index=\"2\" ><div class=\"textwidget\"><p style=\"text-align: justify;\">Wenn es drau\u00dfen zu kalt\u00a0ist, man seine Pause einfach gerne gem\u00fctlich sitzend auf der Couch verbringen m\u00f6chte oder man gerne noch eine Runde Halli Galli spielen will: unser Pausenraum ist f\u00fcr einen da!<\/p>\n<p style=\"text-align: justify;\">In der 1. Pause ist der Pausenraum f\u00fcr die Klassen 5 bis 7 vorgesehen, in der 2. Pause sind die Klassen 8 bis 10 willkommen!<\/p>\n<\/div><\/div><\/div><\/div><\/div>","protected":false},"excerpt":{"rendered":"<p>Wenn es drau\u00dfen zu kalt\u00a0ist, man seine Pause einfach gerne gem\u00fctlich sitzend auf der Couch verbringen m\u00f6chte oder man gerne noch eine Runde Halli Galli spielen will: unser Pausenraum ist f\u00fcr einen da!In der 1. Pause ist der Pausenraum f\u00fcr die Klassen 5 bis 7 vorgesehen, in der 2. Pause sind die Klassen 8 bis [&hellip;]<\/p>\n","protected":false},"author":1,"featured_media":0,"parent":0,"menu_order":0,"comment_status":"closed","ping_status":"closed","template":"","meta":{"ngg_post_thumbnail":0,"footnotes":""},"class_list":["post-1181","page","type-page","status-publish","hentry"],"_links":{"self":[{"href":"https:\/\/jeanette-wolff-schule-dortmund.de\/wordpress\/wp-json\/wp\/v2\/pages\/1181","targetHints":{"allow":["GET"]}}],"collection":[{"href":"https:\/\/jeanette-wolff-schule-dortmund.de\/wordpress\/wp-json\/wp\/v2\/pages"}],"about":[{"href":"https:\/\/jeanette-wolff-schule-dortmund.de\/wordpress\/wp-json\/wp\/v2\/types\/page"}],"author":[{"embeddable":true,"href":"https:\/\/jeanette-wolff-schule-dortmund.de\/wordpress\/wp-json\/wp\/v2\/users\/1"}],"replies":[{"embeddable":true,"href":"https:\/\/jeanette-wolff-schule-dortmund.de\/wordpress\/wp-json\/wp\/v2\/comments?post=1181"}],"version-history":[{"count":1,"href":"https:\/\/jeanette-wolff-schule-dortmund.de\/wordpress\/wp-json\/wp\/v2\/pages\/1181\/revisions"}],"predecessor-version":[{"id":1182,"href":"https:\/\/jeanette-wolff-schule-dortmund.de\/wordpress\/wp-json\/wp\/v2\/pages\/1181\/revisions\/1182"}],"wp:attachment":[{"href":"https:\/\/jeanette-wolff-schule-dortmund.de\/wordpress\/wp-json\/wp\/v2\/media?parent=1181"}],"curies":[{"name":"wp","href":"https:\/\/api.w.org\/{rel}","templated":true}]}}