{"id":1216,"date":"2017-04-06T11:28:39","date_gmt":"2017-04-06T09:28:39","guid":{"rendered":"http:\/\/jeanette-wolff-schule-dortmund.de\/wordpress\/?page_id=1216"},"modified":"2017-04-24T09:09:16","modified_gmt":"2017-04-24T07:09:16","slug":"der-baubus-war-da","status":"publish","type":"page","link":"https:\/\/jeanette-wolff-schule-dortmund.de\/wordpress\/der-baubus-war-da\/","title":{"rendered":"Der Baubus war da!"},"content":{"rendered":"<div id=\"pl-1216\"  class=\"panel-layout\" ><div id=\"pg-1216-0\"  class=\"panel-grid panel-no-style\" ><div id=\"pgc-1216-0-0\"  class=\"panel-grid-cell\" ><div id=\"panel-1216-0-0-0\" class=\"so-panel widget widget_siteorigin-panels-image panel-first-child panel-last-child\" data-index=\"0\" ><img decoding=\"async\" src=\"http:\/\/jeanette-wolff-schule-dortmund.de\/wordpress\/wp-content\/uploads\/IMG-20170407-WA0004.jpg\" \/><\/div><\/div><div id=\"pgc-1216-0-1\"  class=\"panel-grid-cell\" ><div id=\"panel-1216-0-1-0\" class=\"so-panel widget widget_siteorigin-panels-image panel-first-child panel-last-child\" data-index=\"1\" ><img decoding=\"async\" src=\"http:\/\/jeanette-wolff-schule-dortmund.de\/wordpress\/wp-content\/uploads\/IMG-20170407-WA0011.jpg\" \/><\/div><\/div><\/div><div id=\"pg-1216-1\"  class=\"panel-grid panel-no-style\" ><div id=\"pgc-1216-1-0\"  class=\"panel-grid-cell\" ><div id=\"panel-1216-1-0-0\" class=\"so-panel widget widget_black-studio-tinymce widget_black_studio_tinymce panel-first-child panel-last-child\" data-index=\"2\" ><h3 class=\"widget-title\">Der Baubus an der Jeanette-Wolff Schule<\/h3><div class=\"textwidget\"><p>Am 21.M\u00e4rz machte der Baubus NRW Station am Mengeder Markt.<\/p>\n<p>Ein multimedial ausgebauter Linienbus f\u00e4hrt von Schule zu Schule und pr\u00e4sentiert interessierten Klassen auf anschauliche Weise die zahlreichen Berufe am Bau. Der Bus enth\u00e4lt neben verschiedenen bauhandwerklichen Aufgaben (z.B. ferngesteuerter Mini-Bagger, Ger\u00e4usche-R\u00e4tsel, F\u00fchlkasten, Gewichtesch\u00e4tzen) auch mehrere spannende Multimedia-Elemente. Dabei ist unser neues BauBoard eine besondere Attraktion: Hier erleben die Sch\u00fcler eine virtuelle und zugleich \"bewegende\" Fahrt \u00fcber eine Baustelle. Au\u00dferdem k\u00f6nnen sie einen fiktiven Bungee-Sprung von einem 70 Meter hohen Baukran in der BauBox wagen oder den BerufeChecker testen.<\/p>\n<p>Durch diese interessanten Elemente werden die Sch\u00fcler auf spielerische Weise an \u00fcber 20 Bauberufe herangef\u00fchrt und k\u00f6nnen aktiv ausprobieren, ob sie daf\u00fcr die notwendigen F\u00e4higkeiten besitzen. Neben den praktischen Aufgaben gibt es im Bus einen kurzen Vortrag \u00fcber die Ausbildung in der Bauindustrie. Das Programm dauert insgesamt eineinhalb Stunden.<\/p>\n<p>Quelle:http:\/\/www.bau-dein-ding.nrw\/angebote\/angebote_fuer_schulen\/baubus<\/p>\n<\/div><\/div><\/div><\/div><div id=\"pg-1216-2\"  class=\"panel-grid panel-no-style\" ><div id=\"pgc-1216-2-0\"  class=\"panel-grid-cell\" ><div id=\"panel-1216-2-0-0\" class=\"so-panel widget widget_siteorigin-panels-image panel-first-child panel-last-child\" data-index=\"3\" ><img decoding=\"async\" src=\"http:\/\/jeanette-wolff-schule-dortmund.de\/wordpress\/wp-content\/uploads\/IMG-20170407-WA0006.jpg\" \/><\/div><\/div><div id=\"pgc-1216-2-1\"  class=\"panel-grid-cell\" ><div id=\"panel-1216-2-1-0\" class=\"so-panel widget widget_siteorigin-panels-image panel-first-child panel-last-child\" data-index=\"4\" ><img decoding=\"async\" src=\"http:\/\/jeanette-wolff-schule-dortmund.de\/wordpress\/wp-content\/uploads\/IMG-20170407-WA0010.jpg\" \/><\/div><\/div><\/div><\/div>","protected":false},"excerpt":{"rendered":"<p>Am 21.M\u00e4rz machte der Baubus NRW Station am Mengeder Markt. Ein multimedial ausgebauter Linienbus f\u00e4hrt von Schule zu Schule und pr\u00e4sentiert interessierten Klassen auf anschauliche Weise die zahlreichen Berufe am Bau. Der Bus enth\u00e4lt neben verschiedenen bauhandwerklichen Aufgaben (z.B. ferngesteuerter Mini-Bagger, Ger\u00e4usche-R\u00e4tsel, F\u00fchlkasten, Gewichtesch\u00e4tzen) auch mehrere spannende Multimedia-Elemente. Dabei ist unser neues BauBoard eine besondere [&hellip;]<\/p>\n","protected":false},"author":1,"featured_media":0,"parent":0,"menu_order":0,"comment_status":"closed","ping_status":"closed","template":"","meta":{"ngg_post_thumbnail":0,"footnotes":""},"class_list":["post-1216","page","type-page","status-publish","hentry"],"_links":{"self":[{"href":"https:\/\/jeanette-wolff-schule-dortmund.de\/wordpress\/wp-json\/wp\/v2\/pages\/1216","targetHints":{"allow":["GET"]}}],"collection":[{"href":"https:\/\/jeanette-wolff-schule-dortmund.de\/wordpress\/wp-json\/wp\/v2\/pages"}],"about":[{"href":"https:\/\/jeanette-wolff-schule-dortmund.de\/wordpress\/wp-json\/wp\/v2\/types\/page"}],"author":[{"embeddable":true,"href":"https:\/\/jeanette-wolff-schule-dortmund.de\/wordpress\/wp-json\/wp\/v2\/users\/1"}],"replies":[{"embeddable":true,"href":"https:\/\/jeanette-wolff-schule-dortmund.de\/wordpress\/wp-json\/wp\/v2\/comments?post=1216"}],"version-history":[{"count":3,"href":"https:\/\/jeanette-wolff-schule-dortmund.de\/wordpress\/wp-json\/wp\/v2\/pages\/1216\/revisions"}],"predecessor-version":[{"id":1254,"href":"https:\/\/jeanette-wolff-schule-dortmund.de\/wordpress\/wp-json\/wp\/v2\/pages\/1216\/revisions\/1254"}],"wp:attachment":[{"href":"https:\/\/jeanette-wolff-schule-dortmund.de\/wordpress\/wp-json\/wp\/v2\/media?parent=1216"}],"curies":[{"name":"wp","href":"https:\/\/api.w.org\/{rel}","templated":true}]}}