{"id":13,"date":"2014-08-12T12:06:30","date_gmt":"2014-08-12T10:06:30","guid":{"rendered":"http:\/\/localhost\/wordpress\/?page_id=13"},"modified":"2022-01-10T21:19:34","modified_gmt":"2022-01-10T20:19:34","slug":"kollegium","status":"publish","type":"page","link":"https:\/\/jeanette-wolff-schule-dortmund.de\/wordpress\/schule\/kollegium\/","title":{"rendered":"Kollegium"},"content":{"rendered":"<div id=\"pl-13\"  class=\"panel-layout\" ><div id=\"pg-13-0\"  class=\"panel-grid panel-no-style\" ><div id=\"pgc-13-0-0\"  class=\"panel-grid-cell\" ><div id=\"panel-13-0-0-0\" class=\"so-panel widget widget_text panel-first-child panel-last-child\" data-index=\"0\" >\t\t\t<div class=\"textwidget\"><h2 id=\"tablepress-1-name\" class=\"tablepress-table-name tablepress-table-name-id-1\"><\/h2>\n\n<table id=\"tablepress-1\" class=\"tablepress tablepress-id-1\" aria-labelledby=\"tablepress-1-name\">\n<thead>\n<tr class=\"row-1\">\n\t<th class=\"column-1\">Name<\/th><th class=\"column-2\">Funktion<\/th><th class=\"column-3\">Klasse<\/th><th class=\"column-4\">E-Mail<\/th>\n<\/tr>\n<\/thead>\n<tbody class=\"row-hover\">\n<tr class=\"row-2\">\n\t<td class=\"column-1\">Herr Asit<\/td><td class=\"column-2\">Lehrer<\/td><td class=\"column-3\"><\/td><td class=\"column-4\">k.asit@148015.nrw.schule<\/td>\n<\/tr>\n<tr class=\"row-3\">\n\t<td class=\"column-1\">Herr Berg<\/td><td class=\"column-2\">Lehrer<\/td><td class=\"column-3\">10A1<\/td><td class=\"column-4\">s.berg@148015.nrw.schule<\/td>\n<\/tr>\n<tr class=\"row-4\">\n\t<td class=\"column-1\">Frau Bittner<\/td><td class=\"column-2\">Sekret\u00e4rin<\/td><td class=\"column-3\"><\/td><td class=\"column-4\"><\/td>\n<\/tr>\n<tr class=\"row-5\">\n\t<td class=\"column-1\">Frau Blum<\/td><td class=\"column-2\">Lehrerin<\/td><td class=\"column-3\">9a<\/td><td class=\"column-4\">j.blum@148015.nrw.schule<\/td>\n<\/tr>\n<tr class=\"row-6\">\n\t<td class=\"column-1\">Herr Dorny<\/td><td class=\"column-2\">Lehrer<\/td><td class=\"column-3\">6<\/td><td class=\"column-4\">r.dorny@148015.nrw.schule<\/td>\n<\/tr>\n<tr class=\"row-7\">\n\t<td class=\"column-1\">Frau F\u00f6lsing<\/td><td class=\"column-2\">Lehrerin<\/td><td class=\"column-3\">5<\/td><td class=\"column-4\">s.foelsing@148015.nrw.schule<\/td>\n<\/tr>\n<tr class=\"row-8\">\n\t<td class=\"column-1\">Frau F\u00f6rster<\/td><td class=\"column-2\">Lehrerin<\/td><td class=\"column-3\">7b<\/td><td class=\"column-4\">b.foerster@148015.nrw.schule<\/td>\n<\/tr>\n<tr class=\"row-9\">\n\t<td class=\"column-1\">Herr Gerber<\/td><td class=\"column-2\">Lehrer<\/td><td class=\"column-3\">9a<\/td><td class=\"column-4\">a.gerber@148015.nrw.schule<\/td>\n<\/tr>\n<tr class=\"row-10\">\n\t<td class=\"column-1\">Herr Girdi<\/td><td class=\"column-2\">Lehrer<\/td><td class=\"column-3\">9c<\/td><td class=\"column-4\">r.girdi@148015.nrw.schule<\/td>\n<\/tr>\n<tr class=\"row-11\">\n\t<td class=\"column-1\">Frau Hoffmann<\/td><td class=\"column-2\">Lehrerin<\/td><td class=\"column-3\">Sonderp\u00e4dagogin<\/td><td class=\"column-4\">s.hoffmann@148015.nrw.schule<\/td>\n<\/tr>\n<tr class=\"row-12\">\n\t<td class=\"column-1\">Frau H\u00f6chstetter<\/td><td class=\"column-2\">Lehrerin<\/td><td class=\"column-3\">Alpha<\/td><td class=\"column-4\">a.hoechstetter@148015.nrw.schule<\/td>\n<\/tr>\n<tr class=\"row-13\">\n\t<td class=\"column-1\">Frau Isa<\/td><td class=\"column-2\">Lehrerin<\/td><td class=\"column-3\">WK 1a<\/td><td class=\"column-4\">m.isa@148015.nrw.schule<\/td>\n<\/tr>\n<tr class=\"row-14\">\n\t<td class=\"column-1\">Frau J\u00e4ger<\/td><td class=\"column-2\">Lehrerin<\/td><td class=\"column-3\"><\/td><td class=\"column-4\">a.jaeger@148015.nrw.schule<\/td>\n<\/tr>\n<tr class=\"row-15\">\n\t<td class=\"column-1\">Herr J\u00fcrgens<\/td><td class=\"column-2\">Lehrer<\/td><td class=\"column-3\">WK2<\/td><td class=\"column-4\">o.juergens@148015.nrw.schule<\/td>\n<\/tr>\n<tr class=\"row-16\">\n\t<td class=\"column-1\">Herr K\u00f6bnick<\/td><td class=\"column-2\">stellvertretender Schulleiter<\/td><td class=\"column-3\">9d<\/td><td class=\"column-4\">m.koebnick@148015.nrw.schule<\/td>\n<\/tr>\n<tr class=\"row-17\">\n\t<td class=\"column-1\">Frau Ladebeck<\/td><td class=\"column-2\">Lehrerin<\/td><td class=\"column-3\">7b<\/td><td class=\"column-4\">a.ladebeck@148015.nrw.schule<\/td>\n<\/tr>\n<tr class=\"row-18\">\n\t<td class=\"column-1\">Frau Lamch\u00e9<\/td><td class=\"column-2\">Fachkraft f\u00fcr multiprofessionelle Teams<\/td><td class=\"column-3\"><\/td><td class=\"column-4\">n.lamche@148015.nrw.schule<\/td>\n<\/tr>\n<tr class=\"row-19\">\n\t<td class=\"column-1\">Frau Lindner<\/td><td class=\"column-2\">Lehrerin<\/td><td class=\"column-3\">9b<\/td><td class=\"column-4\">v.lindner@148015.nrw.schule<\/td>\n<\/tr>\n<tr class=\"row-20\">\n\t<td class=\"column-1\">Frau Lingnau<\/td><td class=\"column-2\">Lehrerin<\/td><td class=\"column-3\">7a<\/td><td class=\"column-4\">s.lingnau@148015.nrw.schule<\/td>\n<\/tr>\n<tr class=\"row-21\">\n\t<td class=\"column-1\">Frau Michalak<\/td><td class=\"column-2\">Lehrerin<\/td><td class=\"column-3\">8a<\/td><td class=\"column-4\">v.michalak@148015.nrw.schule<\/td>\n<\/tr>\n<tr class=\"row-22\">\n\t<td class=\"column-1\">Herr Michalak<\/td><td class=\"column-2\">Lehrer<\/td><td class=\"column-3\">10B<\/td><td class=\"column-4\">r.michalak@148015.nrw.schule<\/td>\n<\/tr>\n<tr class=\"row-23\">\n\t<td class=\"column-1\">Frau Mrozik<\/td><td class=\"column-2\">Lehrerin<\/td><td class=\"column-3\">7a<\/td><td class=\"column-4\">c.mrozik@148015.nrw.schule<\/td>\n<\/tr>\n<tr class=\"row-24\">\n\t<td class=\"column-1\">Herr Neubauer<\/td><td class=\"column-2\">Lehrer<br \/>\nStuBOKo<\/td><td class=\"column-3\">10B<\/td><td class=\"column-4\">p.neubauer@148015.nrw.schule<\/td>\n<\/tr>\n<tr class=\"row-25\">\n\t<td class=\"column-1\">Frau Oestreicher<\/td><td class=\"column-2\">Schulleiterin<\/td><td class=\"column-3\"><\/td><td class=\"column-4\">b.oestreicher@148015.nrw.schule<\/td>\n<\/tr>\n<tr class=\"row-26\">\n\t<td class=\"column-1\">Frau Obrock<\/td><td class=\"column-2\">Lehrerin<\/td><td class=\"column-3\">8a<\/td><td class=\"column-4\">a.obrock@148015.nrw.schule<\/td>\n<\/tr>\n<tr class=\"row-27\">\n\t<td class=\"column-1\">Frau R\u00f6nnberg<\/td><td class=\"column-2\">Lehrerin<\/td><td class=\"column-3\">8b<\/td><td class=\"column-4\">j.roennberg@148015.nrw.schule<\/td>\n<\/tr>\n<tr class=\"row-28\">\n\t<td class=\"column-1\">Frau Schwanitz<\/td><td class=\"column-2\">Lehrerin<\/td><td class=\"column-3\">8b<\/td><td class=\"column-4\">s.schwanitz@148015.nrw.schule<\/td>\n<\/tr>\n<tr class=\"row-29\">\n\t<td class=\"column-1\">Frau Specht<\/td><td class=\"column-2\">Sonderp\u00e4dagogin<\/td><td class=\"column-3\"><\/td><td class=\"column-4\">m.specht@148015.nrw.schule<\/td>\n<\/tr>\n<tr class=\"row-30\">\n\t<td class=\"column-1\">Frau Strenger<\/td><td class=\"column-2\">Lehrerin<\/td><td class=\"column-3\">9b<\/td><td class=\"column-4\">m.strenger@148015.nrw.schule<\/td>\n<\/tr>\n<tr class=\"row-31\">\n\t<td class=\"column-1\">Herr St\u00f6cker<\/td><td class=\"column-2\">Hausmeister<\/td><td class=\"column-3\"><\/td><td class=\"column-4\"><\/td>\n<\/tr>\n<tr class=\"row-32\">\n\t<td class=\"column-1\">Herr Verf\u00fcrth<\/td><td class=\"column-2\">Lehrer<\/td><td class=\"column-3\"><\/td><td class=\"column-4\">m.verfuerth@148015.nrw.schule<\/td>\n<\/tr>\n<tr class=\"row-33\">\n\t<td class=\"column-1\">Herr vom Stein<\/td><td class=\"column-2\">Betriebsaqukisiteur der Wirtschaftsf\u00f6rderung Dortmund<\/td><td class=\"column-3\"><\/td><td class=\"column-4\">t.stein@148015.nrw.schule<\/td>\n<\/tr>\n<tr class=\"row-34\">\n\t<td class=\"column-1\">Frau Wiggett<\/td><td class=\"column-2\">Lehrerin<\/td><td class=\"column-3\">6<\/td><td class=\"column-4\">d.wiggett@148015.nrw.schule<\/td>\n<\/tr>\n<tr class=\"row-35\">\n\t<td class=\"column-1\">Frau Wilken<\/td><td class=\"column-2\">Sonderp\u00e4dagogin<\/td><td class=\"column-3\"><\/td><td class=\"column-4\">k.wilken@148015.nrw.schule<\/td>\n<\/tr>\n<tr class=\"row-36\">\n\t<td class=\"column-1\">Frau W\u00f6stmann<\/td><td class=\"column-2\">Lehrerin<\/td><td class=\"column-3\">WK1b<\/td><td class=\"column-4\">s.woestmann@148015.nrw.schule<\/td>\n<\/tr>\n<\/tbody>\n<\/table>\n<!-- #tablepress-1 from cache -->\n<\/div>\n\t\t<\/div><\/div><\/div><div id=\"pg-13-1\"  class=\"panel-grid panel-no-style\" ><div id=\"pgc-13-1-0\"  class=\"panel-grid-cell\" ><div id=\"panel-13-1-0-0\" class=\"so-panel widget widget_text panel-first-child panel-last-child\" data-index=\"1\" >\t\t\t<div class=\"textwidget\"><\/div>\n\t\t<\/div><\/div><\/div><div id=\"pg-13-2\"  class=\"panel-grid panel-no-style\" ><div id=\"pgc-13-2-0\"  class=\"panel-grid-cell\" ><div id=\"panel-13-2-0-0\" class=\"so-panel widget widget_black-studio-tinymce widget_black_studio_tinymce panel-first-child panel-last-child\" data-index=\"2\" ><div class=\"textwidget\"><p><img decoding=\"async\" src=\"\/wordpress\/wp-content\/uploads\/2014\/10\/Frau-Oestreicher.jpg\" \/><\/p>\n<\/div><\/div><\/div><div id=\"pgc-13-2-1\"  class=\"panel-grid-cell\" ><div id=\"panel-13-2-1-0\" class=\"so-panel widget widget_text panel-first-child panel-last-child\" data-index=\"3\" >\t\t\t<div class=\"textwidget\"><p>Frau Oestreicher ist die Schulleiterin unserer Schule. <\/p>\n<\/div>\n\t\t<\/div><\/div><div id=\"pgc-13-2-2\"  class=\"panel-grid-cell panel-grid-cell-empty panel-grid-cell-mobile-last\" ><\/div><div id=\"pgc-13-2-3\"  class=\"panel-grid-cell panel-grid-cell-empty\" ><\/div><\/div><div id=\"pg-13-3\"  class=\"panel-grid panel-no-style\" ><div id=\"pgc-13-3-0\"  class=\"panel-grid-cell\" ><div id=\"panel-13-3-0-0\" class=\"so-panel widget widget_siteorigin-panels-image panel-first-child panel-last-child\" data-index=\"4\" ><img decoding=\"async\" src=\"http:\/\/jeanette-wolff-schule-dortmund.de\/wordpress\/wp-content\/uploads\/Homepage-Bild.jpg\" \/><\/div><\/div><div id=\"pgc-13-3-1\"  class=\"panel-grid-cell\" ><div id=\"panel-13-3-1-0\" class=\"so-panel widget widget_black-studio-tinymce widget_black_studio_tinymce panel-first-child panel-last-child\" data-index=\"5\" ><div class=\"textwidget\"><p>Herr K\u00f6bnick ist der stellvertretende Schulleiter unserer Schule.<\/p>\n<\/div><\/div><\/div><div id=\"pgc-13-3-2\"  class=\"panel-grid-cell panel-grid-cell-empty panel-grid-cell-mobile-last\" ><\/div><div id=\"pgc-13-3-3\"  class=\"panel-grid-cell panel-grid-cell-empty\" ><\/div><\/div><div id=\"pg-13-4\"  class=\"panel-grid panel-no-style\" ><div id=\"pgc-13-4-0\"  class=\"panel-grid-cell\" ><div id=\"panel-13-4-0-0\" class=\"so-panel widget widget_black-studio-tinymce widget_black_studio_tinymce panel-first-child panel-last-child\" data-index=\"6\" ><div class=\"textwidget\"><p><img loading=\"lazy\" decoding=\"async\" class=\"aligncenter size-medium wp-image-2816\" src=\"http:\/\/jeanette-wolff-schule-dortmund.de\/wordpress\/wp-content\/uploads\/E209DB1A-B62B-4C54-ABD6-20D1A491FDE7-209x300.jpeg\" alt=\"\" width=\"209\" height=\"300\" srcset=\"https:\/\/jeanette-wolff-schule-dortmund.de\/wordpress\/wp-content\/uploads\/E209DB1A-B62B-4C54-ABD6-20D1A491FDE7-209x300.jpeg 209w, https:\/\/jeanette-wolff-schule-dortmund.de\/wordpress\/wp-content\/uploads\/E209DB1A-B62B-4C54-ABD6-20D1A491FDE7-334x480.jpeg 334w, https:\/\/jeanette-wolff-schule-dortmund.de\/wordpress\/wp-content\/uploads\/E209DB1A-B62B-4C54-ABD6-20D1A491FDE7-768x1102.jpeg 768w, https:\/\/jeanette-wolff-schule-dortmund.de\/wordpress\/wp-content\/uploads\/E209DB1A-B62B-4C54-ABD6-20D1A491FDE7-1070x1536.jpeg 1070w, https:\/\/jeanette-wolff-schule-dortmund.de\/wordpress\/wp-content\/uploads\/E209DB1A-B62B-4C54-ABD6-20D1A491FDE7-1427x2048.jpeg 1427w, https:\/\/jeanette-wolff-schule-dortmund.de\/wordpress\/wp-content\/uploads\/E209DB1A-B62B-4C54-ABD6-20D1A491FDE7-624x896.jpeg 624w, https:\/\/jeanette-wolff-schule-dortmund.de\/wordpress\/wp-content\/uploads\/E209DB1A-B62B-4C54-ABD6-20D1A491FDE7-scaled.jpeg 1783w\" sizes=\"auto, (max-width: 209px) 100vw, 209px\" \/><\/p>\n<\/div><\/div><\/div><div id=\"pgc-13-4-1\"  class=\"panel-grid-cell\" ><div id=\"panel-13-4-1-0\" class=\"so-panel widget widget_text panel-first-child panel-last-child\" data-index=\"7\" >\t\t\t<div class=\"textwidget\"><p>Im Schulb\u00fcro hat Frau Bittner in der Zeit von 7.30 Uhr bis 13 Uhr ein offenes Ohr f\u00fcr Ihre Anliegen.<\/p>\n<\/div>\n\t\t<\/div><\/div><div id=\"pgc-13-4-2\"  class=\"panel-grid-cell panel-grid-cell-empty panel-grid-cell-mobile-last\" ><\/div><div id=\"pgc-13-4-3\"  class=\"panel-grid-cell panel-grid-cell-empty\" ><\/div><\/div><\/div>","protected":false},"excerpt":{"rendered":"<p>NameFunktionKlasseE-Mail Herr AsitLehrerk.asit@148015.nrw.schule Herr BergLehrer10A1s.berg@148015.nrw.schule Frau BittnerSekret\u00e4rin Frau BlumLehrerin9aj.blum@148015.nrw.schule Herr DornyLehrer6r.dorny@148015.nrw.schule Frau F\u00f6lsingLehrerin5s.foelsing@148015.nrw.schule Frau F\u00f6rsterLehrerin7bb.foerster@148015.nrw.schule Herr GerberLehrer9aa.gerber@148015.nrw.schule Herr GirdiLehrer9cr.girdi@148015.nrw.schule Frau HoffmannLehrerinSonderp\u00e4dagogins.hoffmann@148015.nrw.schule Frau H\u00f6chstetterLehrerinAlphaa.hoechstetter@148015.nrw.schule Frau IsaLehrerinWK 1am.isa@148015.nrw.schule Frau J\u00e4gerLehrerina.jaeger@148015.nrw.schule Herr J\u00fcrgensLehrerWK2o.juergens@148015.nrw.schule Herr K\u00f6bnickstellvertretender Schulleiter9dm.koebnick@148015.nrw.schule Frau LadebeckLehrerin7ba.ladebeck@148015.nrw.schule Frau Lamch\u00e9Fachkraft f\u00fcr multiprofessionelle Teamsn.lamche@148015.nrw.schule Frau LindnerLehrerin9bv.lindner@148015.nrw.schule Frau LingnauLehrerin7as.lingnau@148015.nrw.schule Frau MichalakLehrerin8av.michalak@148015.nrw.schule Herr MichalakLehrer10Br.michalak@148015.nrw.schule Frau MrozikLehrerin7ac.mrozik@148015.nrw.schule Herr NeubauerLehrer StuBOKo10Bp.neubauer@148015.nrw.schule Frau OestreicherSchulleiterinb.oestreicher@148015.nrw.schule [&hellip;]<\/p>\n","protected":false},"author":1,"featured_media":0,"parent":10,"menu_order":0,"comment_status":"closed","ping_status":"closed","template":"","meta":{"ngg_post_thumbnail":0,"footnotes":""},"class_list":["post-13","page","type-page","status-publish","hentry"],"_links":{"self":[{"href":"https:\/\/jeanette-wolff-schule-dortmund.de\/wordpress\/wp-json\/wp\/v2\/pages\/13","targetHints":{"allow":["GET"]}}],"collection":[{"href":"https:\/\/jeanette-wolff-schule-dortmund.de\/wordpress\/wp-json\/wp\/v2\/pages"}],"about":[{"href":"https:\/\/jeanette-wolff-schule-dortmund.de\/wordpress\/wp-json\/wp\/v2\/types\/page"}],"author":[{"embeddable":true,"href":"https:\/\/jeanette-wolff-schule-dortmund.de\/wordpress\/wp-json\/wp\/v2\/users\/1"}],"replies":[{"embeddable":true,"href":"https:\/\/jeanette-wolff-schule-dortmund.de\/wordpress\/wp-json\/wp\/v2\/comments?post=13"}],"version-history":[{"count":23,"href":"https:\/\/jeanette-wolff-schule-dortmund.de\/wordpress\/wp-json\/wp\/v2\/pages\/13\/revisions"}],"predecessor-version":[{"id":2818,"href":"https:\/\/jeanette-wolff-schule-dortmund.de\/wordpress\/wp-json\/wp\/v2\/pages\/13\/revisions\/2818"}],"up":[{"embeddable":true,"href":"https:\/\/jeanette-wolff-schule-dortmund.de\/wordpress\/wp-json\/wp\/v2\/pages\/10"}],"wp:attachment":[{"href":"https:\/\/jeanette-wolff-schule-dortmund.de\/wordpress\/wp-json\/wp\/v2\/media?parent=13"}],"curies":[{"name":"wp","href":"https:\/\/api.w.org\/{rel}","templated":true}]}}