{"id":15,"date":"2014-08-12T12:07:21","date_gmt":"2014-08-12T10:07:21","guid":{"rendered":"http:\/\/localhost\/wordpress\/?page_id=15"},"modified":"2018-08-28T19:37:36","modified_gmt":"2018-08-28T17:37:36","slug":"schulprogramm","status":"publish","type":"page","link":"https:\/\/jeanette-wolff-schule-dortmund.de\/wordpress\/schule\/schulprogramm\/","title":{"rendered":"\u00dcber uns"},"content":{"rendered":"<div id=\"pl-15\"  class=\"panel-layout\" ><div id=\"pg-15-0\"  class=\"panel-grid panel-no-style\" ><div id=\"pgc-15-0-0\"  class=\"panel-grid-cell\" ><div id=\"panel-15-0-0-0\" class=\"so-panel widget widget_black-studio-tinymce widget_black_studio_tinymce panel-first-child panel-last-child\" data-index=\"0\" ><div class=\"textwidget\"><p><img decoding=\"async\" src=\"http:\/\/jeanette-wolff-schule-dortmund.de\/wordpress\/wp-content\/uploads\/2014\/11\/Ansicht_Schulhof.jpg\" \/><\/p>\n<\/div><\/div><\/div><div id=\"pgc-15-0-1\"  class=\"panel-grid-cell panel-grid-cell-empty\" ><\/div><div id=\"pgc-15-0-2\"  class=\"panel-grid-cell\" ><div id=\"panel-15-0-2-0\" class=\"so-panel widget widget_black-studio-tinymce widget_black_studio_tinymce panel-first-child panel-last-child\" data-index=\"1\" ><div class=\"textwidget\"><p><img decoding=\"async\" src=\"http:\/\/jeanette-wolff-schule-dortmund.de\/wordpress\/wp-content\/uploads\/2014\/11\/Ansicht_Schule_Markt.jpg\" \/><\/p>\n<\/div><\/div><\/div><\/div><div id=\"pg-15-1\"  class=\"panel-grid panel-no-style\" ><div id=\"pgc-15-1-0\"  class=\"panel-grid-cell\" ><div id=\"panel-15-1-0-0\" class=\"so-panel widget widget_black-studio-tinymce widget_black_studio_tinymce panel-first-child panel-last-child\" data-index=\"2\" ><div class=\"textwidget\"><p style=\"text-align: justify;\">Unsere Schule liegt im Herzen Mengedes direkt am Markt und befindet sich in einem denkmalgesch\u00fctzten Geb\u00e4ude, welches erst 2013 komplett saniert und modernisiert wurde.<\/p>\n<p style=\"text-align: justify;\">An unserer Schule werden zur Zeit etwa 386 Sch\u00fcler\/innen in 16 Lerngruppen unterrichtet. Das sind im Schnitt 23 Sch\u00fcler\/innen pro Lerngruppe. Diese kleinen Gruppen erm\u00f6glichen uns individuell auf die Bed\u00fcrfnisse jeder und jedes Einzelnen einzugehen.<\/p>\n<p style=\"text-align: justify;\">Sie werden unterrichtet von 32 Lehrerinnen und Lehrern, davon 4 Lehrerinnen mit dem Lehramt f\u00fcr Sonderp\u00e4dagogik.&nbsp;&nbsp;<\/p>\n<p style=\"text-align: justify;\">Wir haben eine lange Tradition im Bereich des Gemeinsamen Lernens: bereits seit 1996 werden Sch\u00fclerinnen und Sch\u00fcler bei uns inklusiv beschult. Momentan sind es 49 Sch\u00fclerinnen und Sch\u00fcler.&nbsp;<\/p>\n<p style=\"text-align: justify;\">Dar\u00fcber hinaus bieten wir neben dem F\u00f6rderunterricht auch Nachhilfe f\u00fcr alle Stufen und &nbsp;in allen Hauptf\u00e4chern an.<\/p>\n<\/div><\/div><\/div><\/div><\/div>","protected":false},"excerpt":{"rendered":"<p>Unsere Schule liegt im Herzen Mengedes direkt am Markt und befindet sich in einem denkmalgesch\u00fctzten Geb\u00e4ude, welches erst 2013 komplett saniert und modernisiert wurde. An unserer Schule werden zur Zeit etwa 386 Sch\u00fcler\/innen in 16 Lerngruppen unterrichtet. Das sind im Schnitt 23 Sch\u00fcler\/innen pro Lerngruppe. Diese kleinen Gruppen erm\u00f6glichen uns individuell auf die Bed\u00fcrfnisse jeder [&hellip;]<\/p>\n","protected":false},"author":1,"featured_media":0,"parent":10,"menu_order":0,"comment_status":"closed","ping_status":"closed","template":"","meta":{"ngg_post_thumbnail":0,"footnotes":""},"class_list":["post-15","page","type-page","status-publish","hentry"],"_links":{"self":[{"href":"https:\/\/jeanette-wolff-schule-dortmund.de\/wordpress\/wp-json\/wp\/v2\/pages\/15","targetHints":{"allow":["GET"]}}],"collection":[{"href":"https:\/\/jeanette-wolff-schule-dortmund.de\/wordpress\/wp-json\/wp\/v2\/pages"}],"about":[{"href":"https:\/\/jeanette-wolff-schule-dortmund.de\/wordpress\/wp-json\/wp\/v2\/types\/page"}],"author":[{"embeddable":true,"href":"https:\/\/jeanette-wolff-schule-dortmund.de\/wordpress\/wp-json\/wp\/v2\/users\/1"}],"replies":[{"embeddable":true,"href":"https:\/\/jeanette-wolff-schule-dortmund.de\/wordpress\/wp-json\/wp\/v2\/comments?post=15"}],"version-history":[{"count":32,"href":"https:\/\/jeanette-wolff-schule-dortmund.de\/wordpress\/wp-json\/wp\/v2\/pages\/15\/revisions"}],"predecessor-version":[{"id":1463,"href":"https:\/\/jeanette-wolff-schule-dortmund.de\/wordpress\/wp-json\/wp\/v2\/pages\/15\/revisions\/1463"}],"up":[{"embeddable":true,"href":"https:\/\/jeanette-wolff-schule-dortmund.de\/wordpress\/wp-json\/wp\/v2\/pages\/10"}],"wp:attachment":[{"href":"https:\/\/jeanette-wolff-schule-dortmund.de\/wordpress\/wp-json\/wp\/v2\/media?parent=15"}],"curies":[{"name":"wp","href":"https:\/\/api.w.org\/{rel}","templated":true}]}}