{"id":168,"date":"2014-10-19T11:23:57","date_gmt":"2014-10-19T09:23:57","guid":{"rendered":"http:\/\/localhost\/wordpress\/?page_id=168"},"modified":"2026-03-11T16:18:06","modified_gmt":"2026-03-11T15:18:06","slug":"schulsozialarbeit","status":"publish","type":"page","link":"https:\/\/jeanette-wolff-schule-dortmund.de\/wordpress\/schulsozialarbeit\/","title":{"rendered":"Schulsozialarbeit"},"content":{"rendered":"<div id=\"pl-168\"  class=\"panel-layout\" ><div id=\"pg-168-0\"  class=\"panel-grid panel-no-style\" ><div id=\"pgc-168-0-0\"  class=\"panel-grid-cell panel-grid-cell-empty\" ><\/div><div id=\"pgc-168-0-1\"  class=\"panel-grid-cell\" ><div id=\"panel-168-0-1-0\" class=\"so-panel widget widget_media_image panel-first-child panel-last-child\" data-index=\"0\" ><img loading=\"lazy\" decoding=\"async\" width=\"225\" height=\"300\" src=\"https:\/\/jeanette-wolff-schule-dortmund.de\/wordpress\/wp-content\/uploads\/Burczyk_Andreas-225x300.jpg\" class=\"image wp-image-1940  attachment-medium size-medium\" alt=\"\" style=\"max-width: 100%; height: auto;\" srcset=\"https:\/\/jeanette-wolff-schule-dortmund.de\/wordpress\/wp-content\/uploads\/Burczyk_Andreas-225x300.jpg 225w, https:\/\/jeanette-wolff-schule-dortmund.de\/wordpress\/wp-content\/uploads\/Burczyk_Andreas-768x1024.jpg 768w, https:\/\/jeanette-wolff-schule-dortmund.de\/wordpress\/wp-content\/uploads\/Burczyk_Andreas-360x480.jpg 360w, https:\/\/jeanette-wolff-schule-dortmund.de\/wordpress\/wp-content\/uploads\/Burczyk_Andreas-624x832.jpg 624w, https:\/\/jeanette-wolff-schule-dortmund.de\/wordpress\/wp-content\/uploads\/Burczyk_Andreas.jpg 1575w\" sizes=\"auto, (max-width: 225px) 100vw, 225px\" \/><\/div><\/div><\/div><div id=\"pg-168-1\"  class=\"panel-grid panel-no-style\" ><div id=\"pgc-168-1-0\"  class=\"panel-grid-cell\" ><div id=\"panel-168-1-0-0\" class=\"so-panel widget widget_text panel-first-child panel-last-child\" data-index=\"1\" ><h3 class=\"widget-title\">Dana Grimmenstein<\/h3>\t\t\t<div class=\"textwidget\"><p>Tel: 0231 \u2013 5020313<\/p>\n<p>&nbsp;<\/p>\n<p>d.grimmenstein@jeanette-wolff-schule.nrw.schule<\/p>\n<\/div>\n\t\t<\/div><\/div><div id=\"pgc-168-1-1\"  class=\"panel-grid-cell\" ><div id=\"panel-168-1-1-0\" class=\"so-panel widget widget_text panel-first-child panel-last-child\" data-index=\"2\" ><h3 class=\"widget-title\">Andreas Burczyk<\/h3>\t\t\t<div class=\"textwidget\"><p>Tel: 0231 \u2013 5020314<\/p>\n<p>Mobil: 0176\/55904172<\/p>\n<p>a.burczyk@jeanette-wolff-schule.nrw.schule<\/p>\n<\/div>\n\t\t<\/div><\/div><\/div><div id=\"pg-168-2\"  class=\"panel-grid panel-no-style\" ><div id=\"pgc-168-2-0\"  class=\"panel-grid-cell\" ><div id=\"panel-168-2-0-0\" class=\"so-panel widget widget_black-studio-tinymce widget_black_studio_tinymce panel-first-child panel-last-child\" data-index=\"3\" ><div class=\"textwidget\"><p>Schulsozialarbeit unterst\u00fctzt Sch\u00fcler*Innen bei Herausforderungen in ihrem Schulalltag, aber auch bei Problemen im Freundeskreis, bei Konflikten in der Familie und anderen Schwierigkeiten.<\/p>\n<p>Schulsozialarbeit initiiert und kooperiert dabei bei Konzepten und Ideen, um mit verschiedensten Methoden ein gelungenes Miteinander an der Jeanette-Wolff-Schule zu erreichen.<\/p>\n<p>Dabei ist die F\u00f6rderung von partizipatorischen Konzepten&nbsp; ein wichtiger Bestandteil.<\/p>\n<p>Schulsozialarbeit hilft soziale Kompetenzen zu f\u00f6rdern und Gewaltvorf\u00e4lle an der Schule zu minimieren. Sie regt die Schulentwicklung an und verbessert das Schulklima.<\/p>\n<p>Die Schulsozialarbeiter unserer Schule arbeiten mit Eltern bei Fragen zur Erziehung und unterst\u00fctzen bei der \u00dcberleitung zu externen Stellen.<\/p>\n<p>Um Sch\u00fcler*Innen bei der Bew\u00e4ltigung von Problemen effizient zu unterst\u00fctzen, kooperiert die Schulsozialarbeit mit au\u00dferschulischen Partnern und kann dabei auf ein breit angelegtes Netzwerk zur\u00fcckgreifen.<\/p>\n<p>Frau Grimmenstein und Herr Burczyk nehmen in der Schule eine neutrale Position ein. Sie unterliegen der Schweigepflicht. Gespr\u00e4chsinhalte werden nicht ohne Erlaubnis an Dritte weitergegeben.<\/p>\n<p>Sie erreichen die Schulsozialarbeiter*Innen der Jeanette-Wolff-Schule am Mengeder Markt in der ersten Etage im&nbsp;<strong>Raum 201.<\/strong><\/p>\n<p>Gemeinsam mit den Hilfesuchenden versuchen wir eine L\u00f6sung zu finden.<\/p>\n<\/div><\/div><\/div><\/div><\/div>","protected":false},"excerpt":{"rendered":"<p>Tel: 0231 \u2013 5020313 &nbsp; d.grimmenstein@jeanette-wolff-schule.nrw.schule Tel: 0231 \u2013 5020314 Mobil: 0176\/55904172 a.burczyk@jeanette-wolff-schule.nrw.schule<\/p>\n","protected":false},"author":1,"featured_media":0,"parent":0,"menu_order":0,"comment_status":"closed","ping_status":"closed","template":"","meta":{"ngg_post_thumbnail":0,"footnotes":""},"class_list":["post-168","page","type-page","status-publish","hentry"],"_links":{"self":[{"href":"https:\/\/jeanette-wolff-schule-dortmund.de\/wordpress\/wp-json\/wp\/v2\/pages\/168","targetHints":{"allow":["GET"]}}],"collection":[{"href":"https:\/\/jeanette-wolff-schule-dortmund.de\/wordpress\/wp-json\/wp\/v2\/pages"}],"about":[{"href":"https:\/\/jeanette-wolff-schule-dortmund.de\/wordpress\/wp-json\/wp\/v2\/types\/page"}],"author":[{"embeddable":true,"href":"https:\/\/jeanette-wolff-schule-dortmund.de\/wordpress\/wp-json\/wp\/v2\/users\/1"}],"replies":[{"embeddable":true,"href":"https:\/\/jeanette-wolff-schule-dortmund.de\/wordpress\/wp-json\/wp\/v2\/comments?post=168"}],"version-history":[{"count":26,"href":"https:\/\/jeanette-wolff-schule-dortmund.de\/wordpress\/wp-json\/wp\/v2\/pages\/168\/revisions"}],"predecessor-version":[{"id":3335,"href":"https:\/\/jeanette-wolff-schule-dortmund.de\/wordpress\/wp-json\/wp\/v2\/pages\/168\/revisions\/3335"}],"wp:attachment":[{"href":"https:\/\/jeanette-wolff-schule-dortmund.de\/wordpress\/wp-json\/wp\/v2\/media?parent=168"}],"curies":[{"name":"wp","href":"https:\/\/api.w.org\/{rel}","templated":true}]}}