{"id":174,"date":"2014-10-19T11:25:30","date_gmt":"2014-10-19T09:25:30","guid":{"rendered":"http:\/\/localhost\/wordpress\/?page_id=174"},"modified":"2018-08-28T19:00:05","modified_gmt":"2018-08-28T17:00:05","slug":"wichtige-erlasse","status":"publish","type":"page","link":"https:\/\/jeanette-wolff-schule-dortmund.de\/wordpress\/wichtige-erlasse\/","title":{"rendered":"Wichtige Erlasse und Verordnungen"},"content":{"rendered":"<div id=\"pl-174\"  class=\"panel-layout\" ><div id=\"pg-174-0\"  class=\"panel-grid panel-no-style\" ><div id=\"pgc-174-0-0\"  class=\"panel-grid-cell\" ><div id=\"panel-174-0-0-0\" class=\"so-panel widget widget_black-studio-tinymce widget_black_studio_tinymce panel-first-child panel-last-child\" data-index=\"0\" ><div class=\"textwidget\"><p style=\"text-align: justify;\">Hier finden Sie eine \u00dcbersicht \u00fcber wichtige Gesetze und Erlasse.<\/p>\n<p style=\"text-align: justify;\"><a href=\"http:\/\/www.schulministerium.nrw.de\/docs\/Recht\/Schulrecht\/Schulgesetz\/Schulgesetz.pdf\" target=\"_blank\" rel=\"noopener\">Schulgesetz<\/a><\/p>\n<p style=\"text-align: justify;\"><a href=\"http:\/\/www.schulministerium.nrw.de\/docs\/Recht\/Schulrecht\/APOen\/HS-RS-GE-GY-SekI\/APO_SI.pdf\" target=\"_blank\" rel=\"noopener\">Ausbildungs- und Pr\u00fcfungsordnung<\/a><\/p>\n<p style=\"text-align: justify;\"><a href=\"http:\/\/www.schulministerium.nrw.de\/docs\/Recht\/Schulrecht\/APOen\/HS-RS-GE-GY-SekI\/Anzahl-Klassenarbeiten\/index.html\" target=\"_blank\" rel=\"noopener\">Anzahl der Klassenarbeiten<\/a><\/p>\n<p style=\"text-align: justify;\"><a href=\"http:\/\/www.schulministerium.nrw.de\/docs\/Recht\/Schulrecht\/Erlasse\/12-31Nr1-Hausaufgaben.pdf\" target=\"_blank\" rel=\"noopener\">Hausaufgabenerlass<\/a><\/p>\n<p style=\"text-align: justify;\"><a href=\"https:\/\/www.schulministerium.nrw.de\/docs\/Recht\/Schulrecht\/Verordnungen\/VO-DV_I.pdf\" target=\"_blank\" rel=\"noopener\">Verordnung \u00fcber die zur Verarbeitung zugelassenen Daten von Sch\u00fclerinnen, Sch\u00fclern und Eltern <\/a><\/p>\n<\/div><\/div><\/div><\/div><\/div>","protected":false},"excerpt":{"rendered":"<p>Hier finden Sie eine \u00dcbersicht \u00fcber wichtige Gesetze und Erlasse. Schulgesetz Ausbildungs- und Pr\u00fcfungsordnung Anzahl der Klassenarbeiten Hausaufgabenerlass Verordnung \u00fcber die zur Verarbeitung zugelassenen Daten von Sch\u00fclerinnen, Sch\u00fclern und Eltern<\/p>\n","protected":false},"author":1,"featured_media":0,"parent":0,"menu_order":0,"comment_status":"closed","ping_status":"closed","template":"","meta":{"ngg_post_thumbnail":0,"footnotes":""},"class_list":["post-174","page","type-page","status-publish","hentry"],"_links":{"self":[{"href":"https:\/\/jeanette-wolff-schule-dortmund.de\/wordpress\/wp-json\/wp\/v2\/pages\/174","targetHints":{"allow":["GET"]}}],"collection":[{"href":"https:\/\/jeanette-wolff-schule-dortmund.de\/wordpress\/wp-json\/wp\/v2\/pages"}],"about":[{"href":"https:\/\/jeanette-wolff-schule-dortmund.de\/wordpress\/wp-json\/wp\/v2\/types\/page"}],"author":[{"embeddable":true,"href":"https:\/\/jeanette-wolff-schule-dortmund.de\/wordpress\/wp-json\/wp\/v2\/users\/1"}],"replies":[{"embeddable":true,"href":"https:\/\/jeanette-wolff-schule-dortmund.de\/wordpress\/wp-json\/wp\/v2\/comments?post=174"}],"version-history":[{"count":11,"href":"https:\/\/jeanette-wolff-schule-dortmund.de\/wordpress\/wp-json\/wp\/v2\/pages\/174\/revisions"}],"predecessor-version":[{"id":1456,"href":"https:\/\/jeanette-wolff-schule-dortmund.de\/wordpress\/wp-json\/wp\/v2\/pages\/174\/revisions\/1456"}],"wp:attachment":[{"href":"https:\/\/jeanette-wolff-schule-dortmund.de\/wordpress\/wp-json\/wp\/v2\/media?parent=174"}],"curies":[{"name":"wp","href":"https:\/\/api.w.org\/{rel}","templated":true}]}}