{"id":30,"date":"2014-08-12T12:13:50","date_gmt":"2014-08-12T10:13:50","guid":{"rendered":"http:\/\/localhost\/wordpress\/?page_id=30"},"modified":"2015-02-19T19:01:21","modified_gmt":"2015-02-19T18:01:21","slug":"schulanfang","status":"publish","type":"page","link":"https:\/\/jeanette-wolff-schule-dortmund.de\/wordpress\/termine\/schulanfang\/","title":{"rendered":"Schulanfang"},"content":{"rendered":"<div id=\"pl-30\"  class=\"panel-layout\" ><div id=\"pg-30-0\"  class=\"panel-grid panel-no-style\" ><div id=\"pgc-30-0-0\"  class=\"panel-grid-cell\" ><div id=\"panel-30-0-0-0\" class=\"so-panel widget widget_siteorigin-panels-image panel-first-child panel-last-child\" data-index=\"0\" ><img decoding=\"async\" src=\"\/wordpress\/wp-content\/uploads\/2014\/11\/cpa-school-full-backpack.png\" \/><\/div><\/div><div id=\"pgc-30-0-1\"  class=\"panel-grid-cell\" ><div id=\"panel-30-0-1-0\" class=\"so-panel widget widget_black-studio-tinymce widget_black_studio_tinymce panel-first-child panel-last-child\" data-index=\"1\" ><div class=\"textwidget\"><p style=\"text-align: justify;\">Mit dem Wechsel auf die weiterf\u00fchrende Schule beginnt ein neuer Lebensabschnitt und ist f\u00fcr die Kinder, ihre Eltern und die Schule eine besondere Herausforderung.<\/p>\n<p style=\"text-align: justify;\">Um den \u00dcbergang gleitend zu gestalten, laden wir bereits zum Ende des 4. Schuljahrs unsere zuk\u00fcnftigen Sch\u00fclerinnen und Sch\u00fcler zu einem Kennenlernnachmittag ein. Dort k\u00f6nnen sie bereits ihre zuk\u00fcnftigen Klassenlehrerinnen oder -lehrer, sowie die Mitsch\u00fclerinnen und Mitsch\u00fcler kennenlernen.<\/p>\n<p style=\"text-align: justify;\">Die Einschulung findet in einem feierlichen Rahmen mit kleineren Darbietungen unserer \"alten\" F\u00fcnftkl\u00e4ssler statt.<\/p>\n<p style=\"text-align: justify;\">Wichtig ist uns, dass die Sch\u00fclerinnen und Sch\u00fcler schnell als Klasse zusammenwachsen - daher findet bereits zu Beginn des 5. Schuljahrs eine Klassenfahrt statt.<\/p>\n<\/div><\/div><\/div><\/div><\/div>","protected":false},"excerpt":{"rendered":"<p>Mit dem Wechsel auf die weiterf\u00fchrende Schule beginnt ein neuer Lebensabschnitt und ist f\u00fcr die Kinder, ihre Eltern und die Schule eine besondere Herausforderung. Um den \u00dcbergang gleitend zu gestalten, laden wir bereits zum Ende des 4. Schuljahrs unsere zuk\u00fcnftigen Sch\u00fclerinnen und Sch\u00fcler zu einem Kennenlernnachmittag ein. Dort k\u00f6nnen sie bereits ihre zuk\u00fcnftigen Klassenlehrerinnen oder [&hellip;]<\/p>\n","protected":false},"author":1,"featured_media":0,"parent":23,"menu_order":0,"comment_status":"closed","ping_status":"closed","template":"","meta":{"ngg_post_thumbnail":0,"footnotes":""},"class_list":["post-30","page","type-page","status-publish","hentry"],"_links":{"self":[{"href":"https:\/\/jeanette-wolff-schule-dortmund.de\/wordpress\/wp-json\/wp\/v2\/pages\/30","targetHints":{"allow":["GET"]}}],"collection":[{"href":"https:\/\/jeanette-wolff-schule-dortmund.de\/wordpress\/wp-json\/wp\/v2\/pages"}],"about":[{"href":"https:\/\/jeanette-wolff-schule-dortmund.de\/wordpress\/wp-json\/wp\/v2\/types\/page"}],"author":[{"embeddable":true,"href":"https:\/\/jeanette-wolff-schule-dortmund.de\/wordpress\/wp-json\/wp\/v2\/users\/1"}],"replies":[{"embeddable":true,"href":"https:\/\/jeanette-wolff-schule-dortmund.de\/wordpress\/wp-json\/wp\/v2\/comments?post=30"}],"version-history":[{"count":4,"href":"https:\/\/jeanette-wolff-schule-dortmund.de\/wordpress\/wp-json\/wp\/v2\/pages\/30\/revisions"}],"predecessor-version":[{"id":565,"href":"https:\/\/jeanette-wolff-schule-dortmund.de\/wordpress\/wp-json\/wp\/v2\/pages\/30\/revisions\/565"}],"up":[{"embeddable":true,"href":"https:\/\/jeanette-wolff-schule-dortmund.de\/wordpress\/wp-json\/wp\/v2\/pages\/23"}],"wp:attachment":[{"href":"https:\/\/jeanette-wolff-schule-dortmund.de\/wordpress\/wp-json\/wp\/v2\/media?parent=30"}],"curies":[{"name":"wp","href":"https:\/\/api.w.org\/{rel}","templated":true}]}}