{"id":3097,"date":"2024-09-24T15:53:03","date_gmt":"2024-09-24T13:53:03","guid":{"rendered":"https:\/\/jeanette-wolff-schule-dortmund.de\/wordpress\/?page_id=3097"},"modified":"2024-09-24T15:53:03","modified_gmt":"2024-09-24T13:53:03","slug":"unser-schulgarten","status":"publish","type":"page","link":"https:\/\/jeanette-wolff-schule-dortmund.de\/wordpress\/unser-schulgarten\/","title":{"rendered":"Unser Schulgarten"},"content":{"rendered":"\n<figure class=\"wp-block-image size-large is-resized\"><img loading=\"lazy\" decoding=\"async\" src=\"https:\/\/jeanette-wolff-schule-dortmund.de\/wordpress\/wp-content\/uploads\/Schulgarten2-640x480.png\" alt=\"\" class=\"wp-image-3100\" width=\"839\" height=\"629\" srcset=\"https:\/\/jeanette-wolff-schule-dortmund.de\/wordpress\/wp-content\/uploads\/Schulgarten2-640x480.png 640w, https:\/\/jeanette-wolff-schule-dortmund.de\/wordpress\/wp-content\/uploads\/Schulgarten2-300x225.png 300w, https:\/\/jeanette-wolff-schule-dortmund.de\/wordpress\/wp-content\/uploads\/Schulgarten2-768x576.png 768w, https:\/\/jeanette-wolff-schule-dortmund.de\/wordpress\/wp-content\/uploads\/Schulgarten2-1536x1152.png 1536w, https:\/\/jeanette-wolff-schule-dortmund.de\/wordpress\/wp-content\/uploads\/Schulgarten2-2048x1536.png 2048w, https:\/\/jeanette-wolff-schule-dortmund.de\/wordpress\/wp-content\/uploads\/Schulgarten2-624x468.png 624w\" sizes=\"auto, (max-width: 839px) 100vw, 839px\" \/><\/figure>\n\n\n\n<p><\/p>\n\n\n\n<p class=\"has-text-align-left\">Unser Schulgarten, der seit dem Schuljahr 2022\/2023 besteht, ist ein lebendiger Ort des Lernens und Wachstums. An diesem Ort k\u00f6nnen die Sch\u00fclerinnen und Sch\u00fcler unserer Schule, die Natur hautnah erleben. Inmitten von Hochbeeten, Beerenstr\u00e4uchern und B\u00e4umen bekommen die Kinder die M\u00f6glichkeit, selbst Hand anzulegen und das Wunder der Pflanzenwelt zu entdecken. Unser Schulgarten dient nicht nur als gr\u00fcnes Klassenzimmer, in dem biologisches Wissen praktisch vermittelt wird, sondern ist auch ein Lebensraum f\u00fcr Tiere. Hier lernen die Sch\u00fclerinnen und Sch\u00fcler nicht nur, wie man pflanzt, pflegt und erntet, sondern auch wichtige Werte wie Verantwortung, Geduld und Nachhaltigkeit.<\/p>\n\n\n\n<p><\/p>\n\n\n\n<figure class=\"wp-block-gallery aligncenter has-nested-images columns-default is-cropped wp-block-gallery-1 is-layout-flex wp-block-gallery-is-layout-flex\">\n<figure class=\"wp-block-image size-large\"><img loading=\"lazy\" decoding=\"async\" width=\"640\" height=\"480\" data-id=\"3101\" src=\"https:\/\/jeanette-wolff-schule-dortmund.de\/wordpress\/wp-content\/uploads\/Schulgarten5-640x480.jpg\" alt=\"\" class=\"wp-image-3101\" srcset=\"https:\/\/jeanette-wolff-schule-dortmund.de\/wordpress\/wp-content\/uploads\/Schulgarten5-640x480.jpg 640w, https:\/\/jeanette-wolff-schule-dortmund.de\/wordpress\/wp-content\/uploads\/Schulgarten5-300x225.jpg 300w, https:\/\/jeanette-wolff-schule-dortmund.de\/wordpress\/wp-content\/uploads\/Schulgarten5-768x576.jpg 768w, https:\/\/jeanette-wolff-schule-dortmund.de\/wordpress\/wp-content\/uploads\/Schulgarten5-624x468.jpg 624w, https:\/\/jeanette-wolff-schule-dortmund.de\/wordpress\/wp-content\/uploads\/Schulgarten5.jpg 1048w\" sizes=\"auto, (max-width: 640px) 100vw, 640px\" \/><\/figure>\n\n\n\n<figure class=\"wp-block-image size-large\"><img loading=\"lazy\" decoding=\"async\" width=\"640\" height=\"480\" data-id=\"3102\" src=\"https:\/\/jeanette-wolff-schule-dortmund.de\/wordpress\/wp-content\/uploads\/Schulgarten-3-640x480.jpg\" alt=\"\" class=\"wp-image-3102\" srcset=\"https:\/\/jeanette-wolff-schule-dortmund.de\/wordpress\/wp-content\/uploads\/Schulgarten-3-640x480.jpg 640w, https:\/\/jeanette-wolff-schule-dortmund.de\/wordpress\/wp-content\/uploads\/Schulgarten-3-300x225.jpg 300w, https:\/\/jeanette-wolff-schule-dortmund.de\/wordpress\/wp-content\/uploads\/Schulgarten-3-768x576.jpg 768w, https:\/\/jeanette-wolff-schule-dortmund.de\/wordpress\/wp-content\/uploads\/Schulgarten-3-624x468.jpg 624w, https:\/\/jeanette-wolff-schule-dortmund.de\/wordpress\/wp-content\/uploads\/Schulgarten-3.jpg 976w\" sizes=\"auto, (max-width: 640px) 100vw, 640px\" \/><\/figure>\n<\/figure>\n\n\n\n<figure class=\"wp-block-gallery alignwide has-nested-images columns-default is-cropped wp-block-gallery-2 is-layout-flex wp-block-gallery-is-layout-flex\">\n<figure class=\"wp-block-image size-large\"><img loading=\"lazy\" decoding=\"async\" width=\"360\" height=\"480\" data-id=\"3105\" src=\"https:\/\/jeanette-wolff-schule-dortmund.de\/wordpress\/wp-content\/uploads\/Schulgarten4-1-360x480.jpg\" alt=\"\" class=\"wp-image-3105\" srcset=\"https:\/\/jeanette-wolff-schule-dortmund.de\/wordpress\/wp-content\/uploads\/Schulgarten4-1-360x480.jpg 360w, https:\/\/jeanette-wolff-schule-dortmund.de\/wordpress\/wp-content\/uploads\/Schulgarten4-1-225x300.jpg 225w, https:\/\/jeanette-wolff-schule-dortmund.de\/wordpress\/wp-content\/uploads\/Schulgarten4-1-768x1024.jpg 768w, https:\/\/jeanette-wolff-schule-dortmund.de\/wordpress\/wp-content\/uploads\/Schulgarten4-1-624x832.jpg 624w, https:\/\/jeanette-wolff-schule-dortmund.de\/wordpress\/wp-content\/uploads\/Schulgarten4-1-rotated.jpg 904w\" sizes=\"auto, (max-width: 360px) 100vw, 360px\" \/><\/figure>\n\n\n\n<figure class=\"wp-block-image size-large\"><img loading=\"lazy\" decoding=\"async\" width=\"360\" height=\"480\" data-id=\"3106\" src=\"https:\/\/jeanette-wolff-schule-dortmund.de\/wordpress\/wp-content\/uploads\/schulgarten-6-360x480.jpg\" alt=\"\" class=\"wp-image-3106\" srcset=\"https:\/\/jeanette-wolff-schule-dortmund.de\/wordpress\/wp-content\/uploads\/schulgarten-6-360x480.jpg 360w, https:\/\/jeanette-wolff-schule-dortmund.de\/wordpress\/wp-content\/uploads\/schulgarten-6-225x300.jpg 225w, https:\/\/jeanette-wolff-schule-dortmund.de\/wordpress\/wp-content\/uploads\/schulgarten-6-768x1024.jpg 768w, https:\/\/jeanette-wolff-schule-dortmund.de\/wordpress\/wp-content\/uploads\/schulgarten-6-624x832.jpg 624w, https:\/\/jeanette-wolff-schule-dortmund.de\/wordpress\/wp-content\/uploads\/schulgarten-6.jpg 936w\" sizes=\"auto, (max-width: 360px) 100vw, 360px\" \/><\/figure>\n<\/figure>\n","protected":false},"excerpt":{"rendered":"<p>Unser Schulgarten, der seit dem Schuljahr 2022\/2023 besteht, ist ein lebendiger Ort des Lernens und Wachstums. An diesem Ort k\u00f6nnen die Sch\u00fclerinnen und Sch\u00fcler unserer Schule, die Natur hautnah erleben. Inmitten von Hochbeeten, Beerenstr\u00e4uchern und B\u00e4umen bekommen die Kinder die M\u00f6glichkeit, selbst Hand anzulegen und das Wunder der Pflanzenwelt zu entdecken. Unser Schulgarten dient nicht [&hellip;]<\/p>\n","protected":false},"author":1,"featured_media":0,"parent":0,"menu_order":0,"comment_status":"closed","ping_status":"closed","template":"","meta":{"ngg_post_thumbnail":0,"footnotes":""},"class_list":["post-3097","page","type-page","status-publish","hentry"],"_links":{"self":[{"href":"https:\/\/jeanette-wolff-schule-dortmund.de\/wordpress\/wp-json\/wp\/v2\/pages\/3097","targetHints":{"allow":["GET"]}}],"collection":[{"href":"https:\/\/jeanette-wolff-schule-dortmund.de\/wordpress\/wp-json\/wp\/v2\/pages"}],"about":[{"href":"https:\/\/jeanette-wolff-schule-dortmund.de\/wordpress\/wp-json\/wp\/v2\/types\/page"}],"author":[{"embeddable":true,"href":"https:\/\/jeanette-wolff-schule-dortmund.de\/wordpress\/wp-json\/wp\/v2\/users\/1"}],"replies":[{"embeddable":true,"href":"https:\/\/jeanette-wolff-schule-dortmund.de\/wordpress\/wp-json\/wp\/v2\/comments?post=3097"}],"version-history":[{"count":3,"href":"https:\/\/jeanette-wolff-schule-dortmund.de\/wordpress\/wp-json\/wp\/v2\/pages\/3097\/revisions"}],"predecessor-version":[{"id":3107,"href":"https:\/\/jeanette-wolff-schule-dortmund.de\/wordpress\/wp-json\/wp\/v2\/pages\/3097\/revisions\/3107"}],"wp:attachment":[{"href":"https:\/\/jeanette-wolff-schule-dortmund.de\/wordpress\/wp-json\/wp\/v2\/media?parent=3097"}],"curies":[{"name":"wp","href":"https:\/\/api.w.org\/{rel}","templated":true}]}}