{"id":313,"date":"2014-10-22T22:03:11","date_gmt":"2014-10-22T20:03:11","guid":{"rendered":"http:\/\/localhost\/wordpress\/?page_id=313"},"modified":"2024-08-16T13:46:49","modified_gmt":"2024-08-16T11:46:49","slug":"zusaetzliches-angebot","status":"publish","type":"page","link":"https:\/\/jeanette-wolff-schule-dortmund.de\/wordpress\/zusaetzliches-angebot\/","title":{"rendered":"Zus\u00e4tzliches Angebot"},"content":{"rendered":"<div id=\"pl-313\"  class=\"panel-layout\" ><div id=\"pg-313-0\"  class=\"panel-grid panel-no-style\" ><div id=\"pgc-313-0-0\"  class=\"panel-grid-cell\" ><div id=\"panel-313-0-0-0\" class=\"so-panel widget widget_black-studio-tinymce widget_black_studio_tinymce panel-first-child panel-last-child\" data-index=\"0\" ><div class=\"textwidget\"><p><img decoding=\"async\" src=\"\/wordpress\/wp-content\/uploads\/2014\/10\/schule_www-clipart-kiste-de_025.jpg\" \/><\/p>\n<\/div><\/div><\/div><div id=\"pgc-313-0-1\"  class=\"panel-grid-cell\" ><div id=\"panel-313-0-1-0\" class=\"so-panel widget widget_black-studio-tinymce widget_black_studio_tinymce panel-first-child panel-last-child\" data-index=\"1\" ><h3 class=\"widget-title\">Hilfe bei den Hausaufgaben<\/h3><div class=\"textwidget\"><p style=\"text-align: justify;\">Immer dienstags,&nbsp;mittwochs und freitags kann man an der Nachhilfe f\u00fcr die F\u00e4cher Mathematik, Englisch und Deutsch teilnehmen.<\/p>\n<p style=\"text-align: justify;\">Die Hilfe wird betreut durch Sch\u00fclerinnen und Sch\u00fcler der 10. Klasse.<\/p>\n<\/div><\/div><\/div><\/div><div id=\"pg-313-1\"  class=\"panel-grid panel-no-style\" ><div id=\"pgc-313-1-0\"  class=\"panel-grid-cell\" ><div id=\"panel-313-1-0-0\" class=\"so-panel widget widget_black-studio-tinymce widget_black_studio_tinymce panel-first-child panel-last-child\" data-index=\"2\" ><div class=\"textwidget\"><p><img decoding=\"async\" src=\"\/wordpress\/wp-content\/uploads\/2014\/11\/green-peace-button.png\" \/><\/p>\n<\/div><\/div><\/div><div id=\"pgc-313-1-1\"  class=\"panel-grid-cell\" ><div id=\"panel-313-1-1-0\" class=\"so-panel widget widget_black-studio-tinymce widget_black_studio_tinymce panel-first-child panel-last-child\" data-index=\"3\" ><h3 class=\"widget-title\">Streitschlichterausbildung<\/h3><div class=\"textwidget\"><p style=\"text-align: justify;\">Die Streitschlichtung in der Schule ist ein Verfahren, in dem speziell ausgebildete Sch\u00fclerinnen und Sch\u00fcler als Unparteiliche bei Konflikten zwischen beiden Parteien vermitteln. Das Ziel dabei ist es, den Konfliktpartnern Mittel und Wege zur Selbsthilfe an die Hand zu geben, damit sie lernen, ihre Konflikte selbstst\u00e4ndig und konstruktiv zu l\u00f6sen.<\/p>\n<p style=\"text-align: justify;\">Im Rahmen des Wahlpflichtunterrichts in Klasse 9 k\u00f6nnen interessierte und geeignete Sch\u00fclerinnen und Sch\u00fcler sich zu Streitschlichtern ausbilden lassen.<\/p>\n<\/div><\/div><\/div><\/div><\/div>","protected":false},"excerpt":{"rendered":"<p>Immer dienstags,&nbsp;mittwochs und freitags kann man an der Nachhilfe f\u00fcr die F\u00e4cher Mathematik, Englisch und Deutsch teilnehmen. Die Hilfe wird betreut durch Sch\u00fclerinnen und Sch\u00fcler der 10. Klasse. Die Streitschlichtung in der Schule ist ein Verfahren, in dem speziell ausgebildete Sch\u00fclerinnen und Sch\u00fcler als Unparteiliche bei Konflikten zwischen beiden Parteien vermitteln. Das Ziel dabei ist [&hellip;]<\/p>\n","protected":false},"author":1,"featured_media":0,"parent":0,"menu_order":0,"comment_status":"closed","ping_status":"closed","template":"","meta":{"ngg_post_thumbnail":0,"footnotes":""},"class_list":["post-313","page","type-page","status-publish","hentry"],"_links":{"self":[{"href":"https:\/\/jeanette-wolff-schule-dortmund.de\/wordpress\/wp-json\/wp\/v2\/pages\/313","targetHints":{"allow":["GET"]}}],"collection":[{"href":"https:\/\/jeanette-wolff-schule-dortmund.de\/wordpress\/wp-json\/wp\/v2\/pages"}],"about":[{"href":"https:\/\/jeanette-wolff-schule-dortmund.de\/wordpress\/wp-json\/wp\/v2\/types\/page"}],"author":[{"embeddable":true,"href":"https:\/\/jeanette-wolff-schule-dortmund.de\/wordpress\/wp-json\/wp\/v2\/users\/1"}],"replies":[{"embeddable":true,"href":"https:\/\/jeanette-wolff-schule-dortmund.de\/wordpress\/wp-json\/wp\/v2\/comments?post=313"}],"version-history":[{"count":18,"href":"https:\/\/jeanette-wolff-schule-dortmund.de\/wordpress\/wp-json\/wp\/v2\/pages\/313\/revisions"}],"predecessor-version":[{"id":3066,"href":"https:\/\/jeanette-wolff-schule-dortmund.de\/wordpress\/wp-json\/wp\/v2\/pages\/313\/revisions\/3066"}],"wp:attachment":[{"href":"https:\/\/jeanette-wolff-schule-dortmund.de\/wordpress\/wp-json\/wp\/v2\/media?parent=313"}],"curies":[{"name":"wp","href":"https:\/\/api.w.org\/{rel}","templated":true}]}}