{"id":32,"date":"2014-08-12T12:14:22","date_gmt":"2014-08-12T10:14:22","guid":{"rendered":"http:\/\/localhost\/wordpress\/?page_id=32"},"modified":"2015-02-19T19:04:02","modified_gmt":"2015-02-19T18:04:02","slug":"qualitaetssiegel","status":"publish","type":"page","link":"https:\/\/jeanette-wolff-schule-dortmund.de\/wordpress\/termine\/qualitaetssiegel\/","title":{"rendered":"Qualit\u00e4tssiegel"},"content":{"rendered":"<div id=\"pl-32\"  class=\"panel-layout\" ><div id=\"pg-32-0\"  class=\"panel-grid panel-no-style\" ><div id=\"pgc-32-0-0\"  class=\"panel-grid-cell\" ><div id=\"panel-32-0-0-0\" class=\"so-panel widget widget_siteorigin-panels-image panel-first-child panel-last-child\" data-index=\"0\" ><img decoding=\"async\" src=\"\/wordpress\/wp-content\/uploads\/2014\/10\/qualisiegel.jpg\" \/><\/div><\/div><div id=\"pgc-32-0-1\"  class=\"panel-grid-cell\" ><div id=\"panel-32-0-1-0\" class=\"so-panel widget widget_black-studio-tinymce widget_black_studio_tinymce panel-first-child panel-last-child\" data-index=\"1\" ><h3 class=\"widget-title\">Qualit\u00e4tssiegel Schule Beruf 2006<\/h3><div class=\"textwidget\"><p style=\"text-align: justify;\">Auszeichnung f\u00fcr optimale Unterst\u00fctzung bei der Berufswahl-Orientierung<\/p>\n<p style=\"text-align: justify;\">Die Hauptschule Nette (jetzt Jeanette-Wolff-Schule) geh\u00f6rt zu den 19 Schulen, die am 14.8.2006 im L\u00fcner Hansesaal feierlich das \"Qualit\u00e4tssiegel Schule Beruf erhalten haben.<br \/>\n53 Schulen hatten sich in den vergangenen 6 Monaten um dieses Zertifikat beworben.<br \/>\nDas \"Qualit\u00e4tssiegel Schule Beruf\" ist ein freiwilliger Zertifizierungsprozess f\u00fcr alle allgemein bildenden weiterf\u00fchrenden Schulen, die in vorbildlicher Weise ihre Sch\u00fclerinnen und Sch\u00fcler auf die Arbeitswelt vorbereiten und ihnen den \u00dcbergang ins Berufsleben erleichtern.<br \/>\nDie Ausschreibung des Siegels erfolgte durch eine Gemeinschaftsinitiative in Kooperation mit der Bertelsmann Stiftung, der sich folgende Institutionen angeschlossen haben:<\/p>\n<p style=\"text-align: justify;\">Einzelhandelsverband Westfalen Mitte e.V.<br \/>\nIndustrie- und Handelskammer zu Dortmund<br \/>\nKreis Unna<br \/>\nStadt Dortmund<br \/>\nStadt Hamm<br \/>\nStiftung Weiterbildung Kreis Unna<br \/>\nUnternehmensverb\u00e4nde f\u00fcr Dortmund und Umgebung<br \/>\nUnternehmensverb\u00e4nde Westfalen-Mitte e.V.<br \/>\nWirtschaftsf\u00f6rderungsgesellschaft f\u00fcr den Kreis Unna mbH.<\/p>\n<p style=\"text-align: justify;\">Dieses Qualit\u00e4tssiegel wird den Schulen zun\u00e4chst f\u00fcr 3 Jahre verliehen, dann k\u00f6nnen sie sich f\u00fcr eine Rezertifizierung bewerben.<\/p>\n<\/div><\/div><\/div><\/div><\/div>","protected":false},"excerpt":{"rendered":"<p>Auszeichnung f\u00fcr optimale Unterst\u00fctzung bei der Berufswahl-Orientierung Die Hauptschule Nette (jetzt Jeanette-Wolff-Schule) geh\u00f6rt zu den 19 Schulen, die am 14.8.2006 im L\u00fcner Hansesaal feierlich das &#8222;Qualit\u00e4tssiegel Schule Beruf erhalten haben. 53 Schulen hatten sich in den vergangenen 6 Monaten um dieses Zertifikat beworben. Das &#8222;Qualit\u00e4tssiegel Schule Beruf&#8220; ist ein freiwilliger Zertifizierungsprozess f\u00fcr alle allgemein bildenden [&hellip;]<\/p>\n","protected":false},"author":1,"featured_media":0,"parent":23,"menu_order":0,"comment_status":"closed","ping_status":"closed","template":"","meta":{"ngg_post_thumbnail":0,"footnotes":""},"class_list":["post-32","page","type-page","status-publish","hentry"],"_links":{"self":[{"href":"https:\/\/jeanette-wolff-schule-dortmund.de\/wordpress\/wp-json\/wp\/v2\/pages\/32","targetHints":{"allow":["GET"]}}],"collection":[{"href":"https:\/\/jeanette-wolff-schule-dortmund.de\/wordpress\/wp-json\/wp\/v2\/pages"}],"about":[{"href":"https:\/\/jeanette-wolff-schule-dortmund.de\/wordpress\/wp-json\/wp\/v2\/types\/page"}],"author":[{"embeddable":true,"href":"https:\/\/jeanette-wolff-schule-dortmund.de\/wordpress\/wp-json\/wp\/v2\/users\/1"}],"replies":[{"embeddable":true,"href":"https:\/\/jeanette-wolff-schule-dortmund.de\/wordpress\/wp-json\/wp\/v2\/comments?post=32"}],"version-history":[{"count":4,"href":"https:\/\/jeanette-wolff-schule-dortmund.de\/wordpress\/wp-json\/wp\/v2\/pages\/32\/revisions"}],"predecessor-version":[{"id":569,"href":"https:\/\/jeanette-wolff-schule-dortmund.de\/wordpress\/wp-json\/wp\/v2\/pages\/32\/revisions\/569"}],"up":[{"embeddable":true,"href":"https:\/\/jeanette-wolff-schule-dortmund.de\/wordpress\/wp-json\/wp\/v2\/pages\/23"}],"wp:attachment":[{"href":"https:\/\/jeanette-wolff-schule-dortmund.de\/wordpress\/wp-json\/wp\/v2\/media?parent=32"}],"curies":[{"name":"wp","href":"https:\/\/api.w.org\/{rel}","templated":true}]}}