{"id":3297,"date":"2025-09-29T16:20:26","date_gmt":"2025-09-29T14:20:26","guid":{"rendered":"https:\/\/jeanette-wolff-schule-dortmund.de\/wordpress\/?page_id=3297"},"modified":"2025-09-29T17:04:08","modified_gmt":"2025-09-29T15:04:08","slug":"herzlich-willkommen","status":"publish","type":"page","link":"https:\/\/jeanette-wolff-schule-dortmund.de\/wordpress\/","title":{"rendered":"Willkommen an unserer Schule!"},"content":{"rendered":"\n<p class=\"has-small-font-size\">Sch\u00f6n, dass Sie den Weg auf unsere Homepage gefunden haben. Hier erhalten Sie einen Einblick in unser Schulleben, aktuelle Termine sowie wichtige Informationen f\u00fcr Eltern, Sch\u00fclerinnen und Sch\u00fcler. Unsere Schule versteht sich als ein Ort des Lernens, der Gemeinschaft und der Entfaltung \u2013 wir freuen uns, Sie dabei mitzunehmen.<\/p>\n\n\n\n<p><\/p>\n","protected":false},"excerpt":{"rendered":"<p>Sch\u00f6n, dass Sie den Weg auf unsere Homepage gefunden haben. Hier erhalten Sie einen Einblick in unser Schulleben, aktuelle Termine sowie wichtige Informationen f\u00fcr Eltern, Sch\u00fclerinnen und Sch\u00fcler. Unsere Schule versteht sich als ein Ort des Lernens, der Gemeinschaft und der Entfaltung \u2013 wir freuen uns, Sie dabei mitzunehmen.<\/p>\n","protected":false},"author":1,"featured_media":0,"parent":0,"menu_order":0,"comment_status":"closed","ping_status":"closed","template":"","meta":{"ngg_post_thumbnail":0,"footnotes":""},"class_list":["post-3297","page","type-page","status-publish","hentry"],"_links":{"self":[{"href":"https:\/\/jeanette-wolff-schule-dortmund.de\/wordpress\/wp-json\/wp\/v2\/pages\/3297","targetHints":{"allow":["GET"]}}],"collection":[{"href":"https:\/\/jeanette-wolff-schule-dortmund.de\/wordpress\/wp-json\/wp\/v2\/pages"}],"about":[{"href":"https:\/\/jeanette-wolff-schule-dortmund.de\/wordpress\/wp-json\/wp\/v2\/types\/page"}],"author":[{"embeddable":true,"href":"https:\/\/jeanette-wolff-schule-dortmund.de\/wordpress\/wp-json\/wp\/v2\/users\/1"}],"replies":[{"embeddable":true,"href":"https:\/\/jeanette-wolff-schule-dortmund.de\/wordpress\/wp-json\/wp\/v2\/comments?post=3297"}],"version-history":[{"count":4,"href":"https:\/\/jeanette-wolff-schule-dortmund.de\/wordpress\/wp-json\/wp\/v2\/pages\/3297\/revisions"}],"predecessor-version":[{"id":3307,"href":"https:\/\/jeanette-wolff-schule-dortmund.de\/wordpress\/wp-json\/wp\/v2\/pages\/3297\/revisions\/3307"}],"wp:attachment":[{"href":"https:\/\/jeanette-wolff-schule-dortmund.de\/wordpress\/wp-json\/wp\/v2\/media?parent=3297"}],"curies":[{"name":"wp","href":"https:\/\/api.w.org\/{rel}","templated":true}]}}