{"id":470,"date":"2014-11-05T19:28:45","date_gmt":"2014-11-05T18:28:45","guid":{"rendered":"http:\/\/localhost\/wordpress\/?page_id=470"},"modified":"2021-09-15T11:34:47","modified_gmt":"2021-09-15T09:34:47","slug":"unsere-cafeteria","status":"publish","type":"page","link":"https:\/\/jeanette-wolff-schule-dortmund.de\/wordpress\/unsere-cafeteria\/","title":{"rendered":"Unsere Cafeteria"},"content":{"rendered":"<div id=\"pl-470\"  class=\"panel-layout\" ><div id=\"pg-470-0\"  class=\"panel-grid panel-no-style\" ><div id=\"pgc-470-0-0\"  class=\"panel-grid-cell\" ><div id=\"panel-470-0-0-0\" class=\"so-panel widget widget_siteorigin-panels-image panel-first-child panel-last-child\" data-index=\"0\" ><img decoding=\"async\" src=\"\/wordpress\/wp-content\/uploads\/2014\/08\/Cafeteria_2.jpg\" \/><\/div><\/div><div id=\"pgc-470-0-1\"  class=\"panel-grid-cell panel-grid-cell-empty\" ><\/div><div id=\"pgc-470-0-2\"  class=\"panel-grid-cell\" ><div id=\"panel-470-0-2-0\" class=\"so-panel widget widget_siteorigin-panels-image panel-first-child panel-last-child\" data-index=\"1\" ><img decoding=\"async\" src=\"\/wordpress\/wp-content\/uploads\/2014\/08\/Cafeteria_1.jpg\" \/><\/div><\/div><\/div><div id=\"pg-470-1\"  class=\"panel-grid panel-no-style\" ><div id=\"pgc-470-1-0\"  class=\"panel-grid-cell\" ><div id=\"panel-470-1-0-0\" class=\"so-panel widget widget_black-studio-tinymce widget_black_studio_tinymce panel-first-child panel-last-child\" data-index=\"2\" ><div class=\"textwidget\"><p style=\"text-align: justify;\">Aus unserem Schulalltag ist sie schon lange nicht mehr wegzudenken: unsere Schulcafeteria \"Wolffs Caf\u00e9\" wird von unserer Sch\u00fclerfirma betrieben und bietet den Sch\u00fclerinnen und Sch\u00fclern ab der ersten gro\u00dfen Pause belegte Br\u00f6tchen, Milchprodukte, warme und kalte Getr\u00e4nke und &nbsp;bietet einen gem\u00fctlichen Aufenthaltsraum f\u00fcr die Pausen.<\/p>\n<p style=\"text-align: justify;\">Jeden Montag, Dienstag, Mittwoch und Donnerstag kann man auch sein Mittagessen in der Schule zu sich nehmen, das Angebot wechselt regelm\u00e4\u00dfig. Alle angebotenen Speisen werden ohne Schweinefleisch zubereitet. Und falls die Schule schon vor der Mittagspause nach der 6. Stunde endet, kann das Mittagessen sogar mitgenommen werden!<\/p>\n<p style=\"text-align: justify;\">&nbsp;<\/p>\n<\/div><\/div><\/div><\/div><\/div>","protected":false},"excerpt":{"rendered":"<p>Aus unserem Schulalltag ist sie schon lange nicht mehr wegzudenken: unsere Schulcafeteria &#8222;Wolffs Caf\u00e9&#8220; wird von unserer Sch\u00fclerfirma betrieben und bietet den Sch\u00fclerinnen und Sch\u00fclern ab der ersten gro\u00dfen Pause belegte Br\u00f6tchen, Milchprodukte, warme und kalte Getr\u00e4nke und &nbsp;bietet einen gem\u00fctlichen Aufenthaltsraum f\u00fcr die Pausen. Jeden Montag, Dienstag, Mittwoch und Donnerstag kann man auch sein [&hellip;]<\/p>\n","protected":false},"author":1,"featured_media":0,"parent":0,"menu_order":0,"comment_status":"closed","ping_status":"closed","template":"","meta":{"ngg_post_thumbnail":0,"footnotes":""},"class_list":["post-470","page","type-page","status-publish","hentry"],"_links":{"self":[{"href":"https:\/\/jeanette-wolff-schule-dortmund.de\/wordpress\/wp-json\/wp\/v2\/pages\/470","targetHints":{"allow":["GET"]}}],"collection":[{"href":"https:\/\/jeanette-wolff-schule-dortmund.de\/wordpress\/wp-json\/wp\/v2\/pages"}],"about":[{"href":"https:\/\/jeanette-wolff-schule-dortmund.de\/wordpress\/wp-json\/wp\/v2\/types\/page"}],"author":[{"embeddable":true,"href":"https:\/\/jeanette-wolff-schule-dortmund.de\/wordpress\/wp-json\/wp\/v2\/users\/1"}],"replies":[{"embeddable":true,"href":"https:\/\/jeanette-wolff-schule-dortmund.de\/wordpress\/wp-json\/wp\/v2\/comments?post=470"}],"version-history":[{"count":13,"href":"https:\/\/jeanette-wolff-schule-dortmund.de\/wordpress\/wp-json\/wp\/v2\/pages\/470\/revisions"}],"predecessor-version":[{"id":2706,"href":"https:\/\/jeanette-wolff-schule-dortmund.de\/wordpress\/wp-json\/wp\/v2\/pages\/470\/revisions\/2706"}],"wp:attachment":[{"href":"https:\/\/jeanette-wolff-schule-dortmund.de\/wordpress\/wp-json\/wp\/v2\/media?parent=470"}],"curies":[{"name":"wp","href":"https:\/\/api.w.org\/{rel}","templated":true}]}}