{"id":689,"date":"2015-05-30T21:34:35","date_gmt":"2015-05-30T19:34:35","guid":{"rendered":"http:\/\/jeanette-wolff-schule-dortmund.de\/wordpress\/?page_id=689"},"modified":"2019-01-14T13:39:05","modified_gmt":"2019-01-14T12:39:05","slug":"kunst-bei-uns","status":"publish","type":"page","link":"https:\/\/jeanette-wolff-schule-dortmund.de\/wordpress\/kunst-bei-uns\/","title":{"rendered":"Kunst bei uns"},"content":{"rendered":"<div id=\"pl-689\"  class=\"panel-layout\" ><div id=\"pg-689-0\"  class=\"panel-grid panel-no-style\" ><div id=\"pgc-689-0-0\"  class=\"panel-grid-cell\" ><div id=\"panel-689-0-0-0\" class=\"so-panel widget widget_black-studio-tinymce widget_black_studio_tinymce panel-first-child panel-last-child\" data-index=\"0\" ><h3 class=\"widget-title\">Die gro\u00dfe Welt der kleinen Leute<\/h3><div class=\"textwidget\"><p>Die Klasse 10B im Schuljahr 2018\/2019 hat sich im ersten Halbjahr mit dem britischen K\u00fcnstler Slinkachu auseinandergesetzt. Slinkachu ist bekannt geworden durch seine Installationen in den Stra\u00dfen von London. Anhand von Modellbahnfiguren erschafft er kleine Miniaturwelten und ver\u00e4ndert so den Blick auf unsere Welt wie wir sie sehen.<\/p>\n<\/div><\/div><\/div><\/div><div id=\"pg-689-1\"  class=\"panel-grid panel-no-style\" ><div id=\"pgc-689-1-0\"  class=\"panel-grid-cell\" ><div id=\"panel-689-1-0-0\" class=\"so-panel widget widget_black-studio-tinymce widget_black_studio_tinymce panel-first-child panel-last-child\" data-index=\"1\" ><div class=\"textwidget\"><p>\r\n\r\n\t<div class='ngg-imagebrowser default-view'\r\n         id='ngg-imagebrowser-d0ec3c7985658476a0785f7ff3ee8dca-689'\r\n         data-nextgen-gallery-id=\"d0ec3c7985658476a0785f7ff3ee8dca\">\r\n\r\n        <h3>Die legend\u00e4re Rutsche<\/h3>\r\n\r\n\t\t<div id=\"ngg-image-0\" class=\"pic\" >\r\n        \r\n        <a href='https:\/\/jeanette-wolff-schule-dortmund.de\/wordpress\/wp-content\/gallery\/slinkachu-10b\/RobinS.JPG'\r\n           title=' '\r\n           data-src=\"https:\/\/jeanette-wolff-schule-dortmund.de\/wordpress\/wp-content\/gallery\/slinkachu-10b\/RobinS.JPG\"\r\n           data-thumbnail=\"https:\/\/jeanette-wolff-schule-dortmund.de\/wordpress\/wp-content\/gallery\/slinkachu-10b\/thumbs\/thumbs_RobinS.JPG\"\r\n           data-image-id=\"99\"\r\n           data-title=\"Die legend\u00e4re Rutsche\"\r\n           data-description=\" \"\r\n           class=\"ngg-fancybox\" rel=\"d0ec3c7985658476a0785f7ff3ee8dca\">\r\n            <img title='Die legend\u00e4re Rutsche'\r\n                 alt='Die legend\u00e4re Rutsche'\r\n                 src='https:\/\/jeanette-wolff-schule-dortmund.de\/wordpress\/wp-content\/gallery\/slinkachu-10b\/RobinS.JPG'\/>\r\n        <\/a>\r\n\t    \r\n        <\/div> \r\n\r\n        <div class='ngg-imagebrowser-nav'>\r\n\r\n            <div class='back'>\r\n                <a class='ngg-browser-prev'\r\n                   id='ngg-prev-84'\r\n                   href='https:\/\/jeanette-wolff-schule-dortmund.de\/wordpress\/kunst-bei-uns\/nggallery\/image\/ibo\/'>\r\n                    <i class=\"fa fa-chevron-left\" aria-hidden=\"true\"><\/i>\r\n                <\/a>\r\n            <\/div>\r\n\r\n            <div class='next'>\r\n                <a class='ngg-browser-next'\r\n                   id='ngg-next-83'\r\n                   href='https:\/\/jeanette-wolff-schule-dortmund.de\/wordpress\/kunst-bei-uns\/nggallery\/image\/ein-harter-arbeitstag\/'>\r\n                    <i class=\"fa fa-chevron-right\" aria-hidden=\"true\"><\/i>\r\n                <\/a>\r\n            <\/div>\r\n\r\n            <div class='counter'>\r\n                Bild                1                von                22            <\/div>\r\n\r\n            <div class='ngg-imagebrowser-desc'>\r\n                <p> <\/p>\r\n            <\/div>\r\n\r\n        <\/div>\r\n    <\/div>\r\n\r\n<\/p>\n<\/div><\/div><\/div><\/div><div id=\"pg-689-2\"  class=\"panel-grid panel-no-style\" ><div id=\"pgc-689-2-0\"  class=\"panel-grid-cell\" ><div id=\"panel-689-2-0-0\" class=\"so-panel widget widget_black-studio-tinymce widget_black_studio_tinymce panel-first-child panel-last-child\" data-index=\"2\" ><h3 class=\"widget-title\">Stencil Portraits<\/h3><div class=\"textwidget\"><p style=\"text-align: justify;\">Die 8b im Schuljahr 2015\/2016 hat sich mit der Stenciltechnik besch\u00e4ftigt. Zuerst haben die Sch\u00fclerinnen und Sch\u00fcler ihr Portrait mit dem Computerprogramm GIMP bearbeitet, um anschlie\u00dfend ein Stencil daraus zu erstellen. Der Prozess und die gelungenen Ergebnisse sind hier zu sehen:<\/p>\n<\/div><\/div><\/div><\/div><div id=\"pg-689-3\"  class=\"panel-grid panel-no-style\" ><div id=\"pgc-689-3-0\"  class=\"panel-grid-cell\" ><div id=\"panel-689-3-0-0\" class=\"so-panel widget widget_black-studio-tinymce widget_black_studio_tinymce panel-first-child panel-last-child\" data-index=\"3\" ><div class=\"textwidget\"><p><img decoding=\"async\" src=\"http:\/\/jeanette-wolff-schule-dortmund.de\/wordpress\/wp-content\/uploads\/stencils8b.jpg\" \/><\/p>\n<\/div><\/div><\/div><div id=\"pgc-689-3-1\"  class=\"panel-grid-cell\" ><div id=\"panel-689-3-1-0\" class=\"so-panel widget widget_black-studio-tinymce widget_black_studio_tinymce panel-first-child panel-last-child\" data-index=\"4\" ><div class=\"textwidget\"><p><img decoding=\"async\" src=\"http:\/\/jeanette-wolff-schule-dortmund.de\/wordpress\/wp-content\/uploads\/stencils8b-6.jpg\" \/><\/p>\n<\/div><\/div><\/div><\/div><div id=\"pg-689-4\"  class=\"panel-grid panel-no-style\" ><div id=\"pgc-689-4-0\"  class=\"panel-grid-cell\" ><div id=\"panel-689-4-0-0\" class=\"so-panel widget widget_black-studio-tinymce widget_black_studio_tinymce panel-first-child panel-last-child\" data-index=\"5\" ><div class=\"textwidget\"><p><img decoding=\"async\" src=\"http:\/\/jeanette-wolff-schule-dortmund.de\/wordpress\/wp-content\/uploads\/stencils8b-7.jpg\" \/><\/p>\n<\/div><\/div><\/div><div id=\"pgc-689-4-1\"  class=\"panel-grid-cell\" ><div id=\"panel-689-4-1-0\" class=\"so-panel widget widget_black-studio-tinymce widget_black_studio_tinymce panel-first-child panel-last-child\" data-index=\"6\" ><div class=\"textwidget\"><p><img decoding=\"async\" src=\"http:\/\/jeanette-wolff-schule-dortmund.de\/wordpress\/wp-content\/uploads\/stencils8b-5.jpg\" \/><\/p>\n<\/div><\/div><\/div><\/div><div id=\"pg-689-5\"  class=\"panel-grid panel-no-style\" ><div id=\"pgc-689-5-0\"  class=\"panel-grid-cell\" ><div id=\"panel-689-5-0-0\" class=\"so-panel widget widget_black-studio-tinymce widget_black_studio_tinymce panel-first-child panel-last-child\" data-index=\"7\" ><div class=\"textwidget\"><p><img decoding=\"async\" src=\"http:\/\/jeanette-wolff-schule-dortmund.de\/wordpress\/wp-content\/uploads\/stencils8b-4.jpg\" \/><\/p>\n<\/div><\/div><\/div><div id=\"pgc-689-5-1\"  class=\"panel-grid-cell\" ><div id=\"panel-689-5-1-0\" class=\"so-panel widget widget_black-studio-tinymce widget_black_studio_tinymce panel-first-child panel-last-child\" data-index=\"8\" ><div class=\"textwidget\"><p><img decoding=\"async\" src=\"http:\/\/jeanette-wolff-schule-dortmund.de\/wordpress\/wp-content\/uploads\/stencils8b-3.jpg\" \/><\/p>\n<\/div><\/div><\/div><\/div><div id=\"pg-689-6\"  class=\"panel-grid panel-no-style\" ><div id=\"pgc-689-6-0\"  class=\"panel-grid-cell\" ><div id=\"panel-689-6-0-0\" class=\"so-panel widget widget_siteorigin-panels-image panel-first-child panel-last-child\" data-index=\"9\" ><img decoding=\"async\" src=\"http:\/\/jeanette-wolff-schule-dortmund.de\/wordpress\/wp-content\/uploads\/IMG_1814.jpg\" \/><\/div><\/div><\/div><div id=\"pg-689-7\"  class=\"panel-grid panel-no-style\" ><div id=\"pgc-689-7-0\"  class=\"panel-grid-cell\" ><div id=\"panel-689-7-0-0\" class=\"so-panel widget widget_black-studio-tinymce widget_black_studio_tinymce panel-first-child panel-last-child\" data-index=\"10\" ><h3 class=\"widget-title\">Roy Lichtenstein malt die Mona Lisa<\/h3><div class=\"textwidget\"><p>Vielleicht war es nicht Roy Lichtenstein, aber die 9d im Schuljahr 2014\/2015.<\/p>\n<\/div><\/div><\/div><\/div><div id=\"pg-689-8\"  class=\"panel-grid panel-no-style\" ><div id=\"pgc-689-8-0\"  class=\"panel-grid-cell\" ><div id=\"panel-689-8-0-0\" class=\"so-panel widget widget_black-studio-tinymce widget_black_studio_tinymce panel-first-child panel-last-child\" data-index=\"11\" ><div class=\"textwidget\"><p><img decoding=\"async\" src=\"http:\/\/jeanette-wolff-schule-dortmund.de\/wordpress\/wp-content\/uploads\/lichtenstein_monalisa-6.jpg\" \/><\/p>\n<\/div><\/div><\/div><div id=\"pgc-689-8-1\"  class=\"panel-grid-cell\" ><div id=\"panel-689-8-1-0\" class=\"so-panel widget widget_black-studio-tinymce widget_black_studio_tinymce panel-first-child panel-last-child\" data-index=\"12\" ><div class=\"textwidget\"><p><img decoding=\"async\" src=\"http:\/\/jeanette-wolff-schule-dortmund.de\/wordpress\/wp-content\/uploads\/lichtenstein_monalisa-5.jpg\" \/><\/p>\n<\/div><\/div><\/div><div id=\"pgc-689-8-2\"  class=\"panel-grid-cell\" ><div id=\"panel-689-8-2-0\" class=\"so-panel widget widget_black-studio-tinymce widget_black_studio_tinymce panel-first-child panel-last-child\" data-index=\"13\" ><div class=\"textwidget\"><p><img decoding=\"async\" src=\"http:\/\/jeanette-wolff-schule-dortmund.de\/wordpress\/wp-content\/uploads\/lichtenstein_monalisa-4.jpg\" \/><\/p>\n<\/div><\/div><\/div><\/div><div id=\"pg-689-9\"  class=\"panel-grid panel-no-style\" ><div id=\"pgc-689-9-0\"  class=\"panel-grid-cell\" ><div id=\"panel-689-9-0-0\" class=\"so-panel widget widget_black-studio-tinymce widget_black_studio_tinymce panel-first-child panel-last-child\" data-index=\"14\" ><div class=\"textwidget\"><p><img decoding=\"async\" src=\"http:\/\/jeanette-wolff-schule-dortmund.de\/wordpress\/wp-content\/uploads\/lichtenstein_monalisa-3.jpg\" \/><\/p>\n<\/div><\/div><\/div><div id=\"pgc-689-9-1\"  class=\"panel-grid-cell\" ><div id=\"panel-689-9-1-0\" class=\"so-panel widget widget_black-studio-tinymce widget_black_studio_tinymce panel-first-child panel-last-child\" data-index=\"15\" ><div class=\"textwidget\"><p><img decoding=\"async\" src=\"\" \/><\/p>\n<\/div><\/div><\/div><div id=\"pgc-689-9-2\"  class=\"panel-grid-cell\" ><div id=\"panel-689-9-2-0\" class=\"so-panel widget widget_black-studio-tinymce widget_black_studio_tinymce panel-first-child panel-last-child\" data-index=\"16\" ><div class=\"textwidget\"><p><img decoding=\"async\" src=\"\" \/><\/p>\n<\/div><\/div><\/div><\/div><div id=\"pg-689-10\"  class=\"panel-grid panel-no-style\" ><div id=\"pgc-689-10-0\"  class=\"panel-grid-cell\" ><div id=\"panel-689-10-0-0\" class=\"so-panel widget widget_black-studio-tinymce widget_black_studio_tinymce panel-first-child panel-last-child\" data-index=\"17\" ><h3 class=\"widget-title\">&#8222;Der Schrei&#8220; &#8211; umgestaltet<\/h3><div class=\"textwidget\"><p>Die Klassen 10 A1 und 10 A2 haben sich im Schuljahr 2015\/2016 ein weiteres sehr bekanntes Gem\u00e4lde als Vorlage genommen und neu gestaltet.<\/p>\n<\/div><\/div><\/div><\/div><div id=\"pg-689-11\"  class=\"panel-grid panel-no-style\" ><div id=\"pgc-689-11-0\"  class=\"panel-grid-cell\" ><div id=\"panel-689-11-0-0\" class=\"so-panel widget widget_black-studio-tinymce widget_black_studio_tinymce panel-first-child panel-last-child\" data-index=\"18\" ><div class=\"textwidget\"><p><img decoding=\"async\" src=\"http:\/\/jeanette-wolff-schule-dortmund.de\/wordpress\/wp-content\/uploads\/schrei-4.jpg\" \/><\/p>\n<\/div><\/div><\/div><div id=\"pgc-689-11-1\"  class=\"panel-grid-cell\" ><div id=\"panel-689-11-1-0\" class=\"so-panel widget widget_black-studio-tinymce widget_black_studio_tinymce panel-first-child panel-last-child\" data-index=\"19\" ><div class=\"textwidget\"><p><img decoding=\"async\" src=\"http:\/\/jeanette-wolff-schule-dortmund.de\/wordpress\/wp-content\/uploads\/schrei-3.jpg\" \/><\/p>\n<\/div><\/div><\/div><div id=\"pgc-689-11-2\"  class=\"panel-grid-cell\" ><div id=\"panel-689-11-2-0\" class=\"so-panel widget widget_black-studio-tinymce widget_black_studio_tinymce panel-first-child panel-last-child\" data-index=\"20\" ><div class=\"textwidget\"><p><img decoding=\"async\" src=\"http:\/\/jeanette-wolff-schule-dortmund.de\/wordpress\/wp-content\/uploads\/schrei-2.jpg\" \/><\/p>\n<\/div><\/div><\/div><\/div><div id=\"pg-689-12\"  class=\"panel-grid panel-no-style\" ><div id=\"pgc-689-12-0\"  class=\"panel-grid-cell\" ><div id=\"panel-689-12-0-0\" class=\"so-panel widget widget_black-studio-tinymce widget_black_studio_tinymce panel-first-child panel-last-child\" data-index=\"21\" ><div class=\"textwidget\"><p><img decoding=\"async\" src=\"http:\/\/jeanette-wolff-schule-dortmund.de\/wordpress\/wp-content\/uploads\/schrei-1.jpg\" \/><\/p>\n<\/div><\/div><\/div><div id=\"pgc-689-12-1\"  class=\"panel-grid-cell\" ><div id=\"panel-689-12-1-0\" class=\"so-panel widget widget_black-studio-tinymce widget_black_studio_tinymce panel-first-child panel-last-child\" data-index=\"22\" ><div class=\"textwidget\"><p><img decoding=\"async\" src=\"\" \/><\/p>\n<\/div><\/div><\/div><div id=\"pgc-689-12-2\"  class=\"panel-grid-cell\" ><div id=\"panel-689-12-2-0\" class=\"so-panel widget widget_black-studio-tinymce widget_black_studio_tinymce panel-first-child panel-last-child\" data-index=\"23\" ><div class=\"textwidget\"><p><img decoding=\"async\" src=\"\" \/><\/p>\n<\/div><\/div><\/div><\/div><div id=\"pg-689-13\"  class=\"panel-grid panel-no-style\" ><div id=\"pgc-689-13-0\"  class=\"panel-grid-cell\" ><div id=\"panel-689-13-0-0\" class=\"so-panel widget widget_black-studio-tinymce widget_black_studio_tinymce panel-first-child panel-last-child\" data-index=\"24\" ><h3 class=\"widget-title\">Vasarely W\u00fcrfel<\/h3><div class=\"textwidget\"><p>Die Klasse 9d hat sich im Schuljahr 2014\/2015 mit dem K\u00fcnstler Victor Vasarely besch\u00e4ftigt. Entstanden sind dabei diese W\u00fcrfel:<\/p>\n<\/div><\/div><\/div><\/div><div id=\"pg-689-14\"  class=\"panel-grid panel-no-style\" ><div id=\"pgc-689-14-0\"  class=\"panel-grid-cell\" ><div id=\"panel-689-14-0-0\" class=\"so-panel widget widget_black-studio-tinymce widget_black_studio_tinymce panel-first-child panel-last-child\" data-index=\"25\" ><div class=\"textwidget\"><p><img decoding=\"async\" src=\"http:\/\/jeanette-wolff-schule-dortmund.de\/wordpress\/wp-content\/uploads\/Vasarely-W\u00fcrfel-004.jpg\" \/><\/p>\n<\/div><\/div><\/div><div id=\"pgc-689-14-1\"  class=\"panel-grid-cell\" ><div id=\"panel-689-14-1-0\" class=\"so-panel widget widget_black-studio-tinymce widget_black_studio_tinymce panel-first-child panel-last-child\" data-index=\"26\" ><div class=\"textwidget\"><p><img decoding=\"async\" src=\"http:\/\/jeanette-wolff-schule-dortmund.de\/wordpress\/wp-content\/uploads\/Vasarely-W\u00fcrfel-003.jpg\" \/><\/p>\n<\/div><\/div><\/div><\/div><div id=\"pg-689-15\"  class=\"panel-grid panel-no-style\" ><div id=\"pgc-689-15-0\"  class=\"panel-grid-cell\" ><div id=\"panel-689-15-0-0\" class=\"so-panel widget widget_black-studio-tinymce widget_black_studio_tinymce panel-first-child panel-last-child\" data-index=\"27\" ><div class=\"textwidget\"><p><img decoding=\"async\" src=\"http:\/\/jeanette-wolff-schule-dortmund.de\/wordpress\/wp-content\/uploads\/Vasarely-W\u00fcrfel-2.jpg\" \/><\/p>\n<\/div><\/div><\/div><div id=\"pgc-689-15-1\"  class=\"panel-grid-cell\" ><div id=\"panel-689-15-1-0\" class=\"so-panel widget widget_black-studio-tinymce widget_black_studio_tinymce panel-first-child panel-last-child\" data-index=\"28\" ><div class=\"textwidget\"><p><img decoding=\"async\" src=\"http:\/\/jeanette-wolff-schule-dortmund.de\/wordpress\/wp-content\/uploads\/Vasarely-W\u00fcrfel-1.jpg\" \/><\/p>\n<\/div><\/div><\/div><\/div><div id=\"pg-689-16\"  class=\"panel-grid panel-no-style\" ><div id=\"pgc-689-16-0\"  class=\"panel-grid-cell\" ><div id=\"panel-689-16-0-0\" class=\"so-panel widget widget_black-studio-tinymce widget_black_studio_tinymce panel-first-child panel-last-child\" data-index=\"29\" ><h3 class=\"widget-title\">Selbstportr\u00e4ts 5a<\/h3><div class=\"textwidget\"><p>Die Klasse 5a hat im Schuljahr 2015\/2016 Selbstport\u00e4ts angefertigt. <\/p>\n<\/div><\/div><\/div><\/div><div id=\"pg-689-17\"  class=\"panel-grid panel-no-style\" ><div id=\"pgc-689-17-0\"  class=\"panel-grid-cell\" ><div id=\"panel-689-17-0-0\" class=\"so-panel widget widget_black-studio-tinymce widget_black_studio_tinymce panel-first-child panel-last-child\" data-index=\"30\" ><div class=\"textwidget\"><p><img decoding=\"async\" src=\"http:\/\/jeanette-wolff-schule-dortmund.de\/wordpress\/wp-content\/uploads\/selbst-12.jpg\" \/><\/p>\n<\/div><\/div><\/div><div id=\"pgc-689-17-1\"  class=\"panel-grid-cell\" ><div id=\"panel-689-17-1-0\" class=\"so-panel widget widget_black-studio-tinymce widget_black_studio_tinymce panel-first-child panel-last-child\" data-index=\"31\" ><div class=\"textwidget\"><p><img decoding=\"async\" src=\"http:\/\/jeanette-wolff-schule-dortmund.de\/wordpress\/wp-content\/uploads\/selbst-11.jpg\" \/><\/p>\n<\/div><\/div><\/div><div id=\"pgc-689-17-2\"  class=\"panel-grid-cell\" ><div id=\"panel-689-17-2-0\" class=\"so-panel widget widget_black-studio-tinymce widget_black_studio_tinymce panel-first-child panel-last-child\" data-index=\"32\" ><div class=\"textwidget\"><p><img decoding=\"async\" src=\"http:\/\/jeanette-wolff-schule-dortmund.de\/wordpress\/wp-content\/uploads\/selbst-10.jpg\" \/><\/p>\n<\/div><\/div><\/div><\/div><div id=\"pg-689-18\"  class=\"panel-grid panel-no-style\" ><div id=\"pgc-689-18-0\"  class=\"panel-grid-cell\" ><div id=\"panel-689-18-0-0\" class=\"so-panel widget widget_black-studio-tinymce widget_black_studio_tinymce panel-first-child panel-last-child\" data-index=\"33\" ><div class=\"textwidget\"><p><img decoding=\"async\" src=\"http:\/\/jeanette-wolff-schule-dortmund.de\/wordpress\/wp-content\/uploads\/selbst-9.jpg\" \/><\/p>\n<\/div><\/div><\/div><div id=\"pgc-689-18-1\"  class=\"panel-grid-cell\" ><div id=\"panel-689-18-1-0\" class=\"so-panel widget widget_black-studio-tinymce widget_black_studio_tinymce panel-first-child panel-last-child\" data-index=\"34\" ><div class=\"textwidget\"><p><img decoding=\"async\" src=\"http:\/\/jeanette-wolff-schule-dortmund.de\/wordpress\/wp-content\/uploads\/selbst-8.jpg\" \/><\/p>\n<\/div><\/div><\/div><div id=\"pgc-689-18-2\"  class=\"panel-grid-cell\" ><div id=\"panel-689-18-2-0\" class=\"so-panel widget widget_black-studio-tinymce widget_black_studio_tinymce panel-first-child panel-last-child\" data-index=\"35\" ><div class=\"textwidget\"><p><img decoding=\"async\" src=\"http:\/\/jeanette-wolff-schule-dortmund.de\/wordpress\/wp-content\/uploads\/selbst-7.jpg\" \/><\/p>\n<\/div><\/div><\/div><\/div><div id=\"pg-689-19\"  class=\"panel-grid panel-no-style\" ><div id=\"pgc-689-19-0\"  class=\"panel-grid-cell\" ><div id=\"panel-689-19-0-0\" class=\"so-panel widget widget_black-studio-tinymce widget_black_studio_tinymce panel-first-child panel-last-child\" data-index=\"36\" ><div class=\"textwidget\"><p><img decoding=\"async\" src=\"http:\/\/jeanette-wolff-schule-dortmund.de\/wordpress\/wp-content\/uploads\/selbst-6.jpg\" \/><\/p>\n<\/div><\/div><\/div><div id=\"pgc-689-19-1\"  class=\"panel-grid-cell\" ><div id=\"panel-689-19-1-0\" class=\"so-panel widget widget_black-studio-tinymce widget_black_studio_tinymce panel-first-child panel-last-child\" data-index=\"37\" ><div class=\"textwidget\"><p><img decoding=\"async\" src=\"http:\/\/jeanette-wolff-schule-dortmund.de\/wordpress\/wp-content\/uploads\/selbst-5.jpg\" \/><\/p>\n<\/div><\/div><\/div><div id=\"pgc-689-19-2\"  class=\"panel-grid-cell\" ><div id=\"panel-689-19-2-0\" class=\"so-panel widget widget_black-studio-tinymce widget_black_studio_tinymce panel-first-child panel-last-child\" data-index=\"38\" ><div class=\"textwidget\"><p><img decoding=\"async\" src=\"http:\/\/jeanette-wolff-schule-dortmund.de\/wordpress\/wp-content\/uploads\/selbst-4.jpg\" \/><\/p>\n<\/div><\/div><\/div><\/div><div id=\"pg-689-20\"  class=\"panel-grid panel-no-style\" ><div id=\"pgc-689-20-0\"  class=\"panel-grid-cell\" ><div id=\"panel-689-20-0-0\" class=\"so-panel widget widget_black-studio-tinymce widget_black_studio_tinymce panel-first-child panel-last-child\" data-index=\"39\" ><div class=\"textwidget\"><p><img decoding=\"async\" src=\"http:\/\/jeanette-wolff-schule-dortmund.de\/wordpress\/wp-content\/uploads\/selbst-3.jpg\" \/><\/p>\n<\/div><\/div><\/div><div id=\"pgc-689-20-1\"  class=\"panel-grid-cell\" ><div id=\"panel-689-20-1-0\" class=\"so-panel widget widget_black-studio-tinymce widget_black_studio_tinymce panel-first-child panel-last-child\" data-index=\"40\" ><div class=\"textwidget\"><p><img decoding=\"async\" src=\"http:\/\/jeanette-wolff-schule-dortmund.de\/wordpress\/wp-content\/uploads\/selbst-2.jpg\" \/><\/p>\n<\/div><\/div><\/div><div id=\"pgc-689-20-2\"  class=\"panel-grid-cell\" ><div id=\"panel-689-20-2-0\" class=\"so-panel widget widget_black-studio-tinymce widget_black_studio_tinymce panel-first-child panel-last-child\" data-index=\"41\" ><div class=\"textwidget\"><p><img decoding=\"async\" src=\"http:\/\/jeanette-wolff-schule-dortmund.de\/wordpress\/wp-content\/uploads\/selbst-1.jpg\" \/><\/p>\n<\/div><\/div><\/div><\/div><div id=\"pg-689-21\"  class=\"panel-grid panel-no-style\" ><div id=\"pgc-689-21-0\"  class=\"panel-grid-cell\" ><div id=\"panel-689-21-0-0\" class=\"so-panel widget widget_black-studio-tinymce widget_black_studio_tinymce panel-first-child panel-last-child\" data-index=\"42\" ><h3 class=\"widget-title\">Hundertwasser-Stadt<\/h3><div class=\"textwidget\"><p>Die Klasse 6b im Schuljahr 2015\/2016 hat sich mit Hundertwasser besch\u00e4ftigt.<\/p>\n<\/div><\/div><\/div><\/div><div id=\"pg-689-22\"  class=\"panel-grid panel-no-style\" ><div id=\"pgc-689-22-0\"  class=\"panel-grid-cell\" ><div id=\"panel-689-22-0-0\" class=\"so-panel widget widget_black-studio-tinymce widget_black_studio_tinymce panel-first-child panel-last-child\" data-index=\"43\" ><div class=\"textwidget\"><p><img decoding=\"async\" src=\"http:\/\/jeanette-wolff-schule-dortmund.de\/wordpress\/wp-content\/uploads\/hundertwasser-7.jpg\" \/><\/p>\n<\/div><\/div><\/div><div id=\"pgc-689-22-1\"  class=\"panel-grid-cell\" ><div id=\"panel-689-22-1-0\" class=\"so-panel widget widget_black-studio-tinymce widget_black_studio_tinymce panel-first-child panel-last-child\" data-index=\"44\" ><div class=\"textwidget\"><p><img decoding=\"async\" src=\"http:\/\/jeanette-wolff-schule-dortmund.de\/wordpress\/wp-content\/uploads\/hundertwasser-6.jpg\" \/><\/p>\n<\/div><\/div><\/div><div id=\"pgc-689-22-2\"  class=\"panel-grid-cell\" ><div id=\"panel-689-22-2-0\" class=\"so-panel widget widget_black-studio-tinymce widget_black_studio_tinymce panel-first-child panel-last-child\" data-index=\"45\" ><div class=\"textwidget\"><p><img decoding=\"async\" src=\"http:\/\/jeanette-wolff-schule-dortmund.de\/wordpress\/wp-content\/uploads\/hundertwasser-5.jpg\" \/><\/p>\n<\/div><\/div><\/div><\/div><div id=\"pg-689-23\"  class=\"panel-grid panel-no-style\" ><div id=\"pgc-689-23-0\"  class=\"panel-grid-cell\" ><div id=\"panel-689-23-0-0\" class=\"so-panel widget widget_black-studio-tinymce widget_black_studio_tinymce panel-first-child panel-last-child\" data-index=\"46\" ><div class=\"textwidget\"><p><img decoding=\"async\" src=\"http:\/\/jeanette-wolff-schule-dortmund.de\/wordpress\/wp-content\/uploads\/hundertwasser-3.jpg\" \/><\/p>\n<\/div><\/div><\/div><div id=\"pgc-689-23-1\"  class=\"panel-grid-cell\" ><div id=\"panel-689-23-1-0\" class=\"so-panel widget widget_black-studio-tinymce widget_black_studio_tinymce panel-first-child panel-last-child\" data-index=\"47\" ><div class=\"textwidget\"><p><img decoding=\"async\" src=\"http:\/\/jeanette-wolff-schule-dortmund.de\/wordpress\/wp-content\/uploads\/hundertwasser-2.jpg\" \/><\/p>\n<\/div><\/div><\/div><div id=\"pgc-689-23-2\"  class=\"panel-grid-cell\" ><div id=\"panel-689-23-2-0\" class=\"so-panel widget widget_black-studio-tinymce widget_black_studio_tinymce panel-first-child panel-last-child\" data-index=\"48\" ><div class=\"textwidget\"><p><img decoding=\"async\" src=\"http:\/\/jeanette-wolff-schule-dortmund.de\/wordpress\/wp-content\/uploads\/hundertwasser-1.jpg\" \/><\/p>\n<\/div><\/div><\/div><\/div><div id=\"pg-689-24\"  class=\"panel-grid panel-no-style\" ><div id=\"pgc-689-24-0\"  class=\"panel-grid-cell\" ><div id=\"panel-689-24-0-0\" class=\"so-panel widget widget_black-studio-tinymce widget_black_studio_tinymce panel-first-child panel-last-child\" data-index=\"49\" ><div class=\"textwidget\"><p><img decoding=\"async\" src=\"http:\/\/jeanette-wolff-schule-dortmund.de\/wordpress\/wp-content\/uploads\/hundertwasser-4.jpg\" \/><\/p>\n<\/div><\/div><\/div><div id=\"pgc-689-24-1\"  class=\"panel-grid-cell panel-grid-cell-empty\" ><\/div><div id=\"pgc-689-24-2\"  class=\"panel-grid-cell\" ><div id=\"panel-689-24-2-0\" class=\"so-panel widget widget_siteorigin-panels-image panel-first-child panel-last-child\" data-index=\"50\" ><img decoding=\"async\" src=\"\" \/><\/div><\/div><\/div><\/div>","protected":false},"excerpt":{"rendered":"<p>Die Klasse 10B im Schuljahr 2018\/2019 hat sich im ersten Halbjahr mit dem britischen K\u00fcnstler Slinkachu auseinandergesetzt. Slinkachu ist bekannt geworden durch seine Installationen in den Stra\u00dfen von London. Anhand von Modellbahnfiguren erschafft er kleine Miniaturwelten und ver\u00e4ndert so den Blick auf unsere Welt wie wir sie sehen.<\/p>\n","protected":false},"author":1,"featured_media":0,"parent":0,"menu_order":0,"comment_status":"closed","ping_status":"closed","template":"","meta":{"ngg_post_thumbnail":0,"footnotes":""},"class_list":["post-689","page","type-page","status-publish","hentry"],"_links":{"self":[{"href":"https:\/\/jeanette-wolff-schule-dortmund.de\/wordpress\/wp-json\/wp\/v2\/pages\/689","targetHints":{"allow":["GET"]}}],"collection":[{"href":"https:\/\/jeanette-wolff-schule-dortmund.de\/wordpress\/wp-json\/wp\/v2\/pages"}],"about":[{"href":"https:\/\/jeanette-wolff-schule-dortmund.de\/wordpress\/wp-json\/wp\/v2\/types\/page"}],"author":[{"embeddable":true,"href":"https:\/\/jeanette-wolff-schule-dortmund.de\/wordpress\/wp-json\/wp\/v2\/users\/1"}],"replies":[{"embeddable":true,"href":"https:\/\/jeanette-wolff-schule-dortmund.de\/wordpress\/wp-json\/wp\/v2\/comments?post=689"}],"version-history":[{"count":11,"href":"https:\/\/jeanette-wolff-schule-dortmund.de\/wordpress\/wp-json\/wp\/v2\/pages\/689\/revisions"}],"predecessor-version":[{"id":848,"href":"https:\/\/jeanette-wolff-schule-dortmund.de\/wordpress\/wp-json\/wp\/v2\/pages\/689\/revisions\/848"}],"wp:attachment":[{"href":"https:\/\/jeanette-wolff-schule-dortmund.de\/wordpress\/wp-json\/wp\/v2\/media?parent=689"}],"curies":[{"name":"wp","href":"https:\/\/api.w.org\/{rel}","templated":true}]}}