{"id":704,"date":"2015-05-31T08:36:04","date_gmt":"2015-05-31T06:36:04","guid":{"rendered":"http:\/\/jeanette-wolff-schule-dortmund.de\/wordpress\/?page_id=704"},"modified":"2015-06-01T19:25:34","modified_gmt":"2015-06-01T17:25:34","slug":"sozialtraining","status":"publish","type":"page","link":"https:\/\/jeanette-wolff-schule-dortmund.de\/wordpress\/sozialtraining\/","title":{"rendered":"Sozialtraining"},"content":{"rendered":"<div id=\"pl-704\"  class=\"panel-layout\" ><div id=\"pg-704-0\"  class=\"panel-grid panel-no-style\" ><div id=\"pgc-704-0-0\"  class=\"panel-grid-cell\" ><div id=\"panel-704-0-0-0\" class=\"so-panel widget widget_black-studio-tinymce widget_black_studio_tinymce panel-first-child panel-last-child\" data-index=\"0\" ><div class=\"textwidget\"><p style=\"text-align: justify;\">Zur Stundentafel jeder Klasse geh\u00f6rt auch das Sozialtraining, welches entweder im Rahmen einer Unterrichtsstunde oder in Projektform stattfindet.\u00a0<\/p>\n<p style=\"text-align: justify;\">Im Sozialtraining werden vielf\u00e4ltige Methoden und Materialien eingesetzt. Ziel ist es, die sozialen Kompetenzen der Sch\u00fclerinnen und Sch\u00fcler zu f\u00f6rdern und zu fordern. Kooperations\u00fcbungen, \u00dcbungen zur Selbst- und Fremdwahrnehmung und \u00dcbungen zur Konfliktl\u00f6sung geh\u00f6ren genauso zur Tagesordnung wie \u00dcbungen zur Erkennung und Benennung von Gef\u00fchlen.\u00a0<\/p>\n<p style=\"text-align: justify;\">Hier sehen wir eine Klasse bei einer Kooperations\u00fcbung.<\/p>\n<\/div><\/div><\/div><\/div><div id=\"pg-704-1\"  class=\"panel-grid panel-no-style\" ><div id=\"pgc-704-1-0\"  class=\"panel-grid-cell\" ><div id=\"panel-704-1-0-0\" class=\"so-panel widget widget_black-studio-tinymce widget_black_studio_tinymce panel-first-child panel-last-child\" data-index=\"1\" ><div class=\"textwidget\"><p><!-- default-view.php -->\r\n<div\r\n\tclass=\"ngg-galleryoverview default-view  ngg-ajax-pagination-none\"\r\n\tid=\"ngg-gallery-d3f770b7a3c736d142c2abf26bc6a92e-1\">\r\n\r\n\t\t<!-- Thumbnails -->\r\n\t\t\t\t<div id=\"ngg-image-0\" class=\"ngg-gallery-thumbnail-box \" >\r\n\t\t\t\t        <div class=\"ngg-gallery-thumbnail\">\r\n            <a href=\"https:\/\/jeanette-wolff-schule-dortmund.de\/wordpress\/wp-content\/gallery\/sozialtraining\/IMG_6794.JPG\"\r\n               title=\"\"\r\n               data-src=\"https:\/\/jeanette-wolff-schule-dortmund.de\/wordpress\/wp-content\/gallery\/sozialtraining\/IMG_6794.JPG\"\r\n               data-thumbnail=\"https:\/\/jeanette-wolff-schule-dortmund.de\/wordpress\/wp-content\/gallery\/sozialtraining\/thumbs\/thumbs_IMG_6794.JPG\"\r\n               data-image-id=\"28\"\r\n               data-title=\"IMG_6794\"\r\n               data-description=\"\"\r\n               data-image-slug=\"img_6794\"\r\n               class=\"ngg-fancybox\" rel=\"d3f770b7a3c736d142c2abf26bc6a92e\">\r\n                <img loading=\"lazy\" decoding=\"async\"\r\n                    title=\"IMG_6794\"\r\n                    alt=\"IMG_6794\"\r\n                    src=\"https:\/\/jeanette-wolff-schule-dortmund.de\/wordpress\/wp-content\/gallery\/sozialtraining\/thumbs\/thumbs_IMG_6794.JPG\"\r\n                    width=\"120\"\r\n                    height=\"90\"\r\n                    style=\"max-width:100%;\"\r\n                \/>\r\n            <\/a>\r\n        <\/div>\r\n\t\t\t\t\t\t\t<\/div> \r\n\t\t\t\r\n\t\t\t\t<div id=\"ngg-image-1\" class=\"ngg-gallery-thumbnail-box \" >\r\n\t\t\t\t        <div class=\"ngg-gallery-thumbnail\">\r\n            <a href=\"https:\/\/jeanette-wolff-schule-dortmund.de\/wordpress\/wp-content\/gallery\/sozialtraining\/IMG_6799.JPG\"\r\n               title=\"\"\r\n               data-src=\"https:\/\/jeanette-wolff-schule-dortmund.de\/wordpress\/wp-content\/gallery\/sozialtraining\/IMG_6799.JPG\"\r\n               data-thumbnail=\"https:\/\/jeanette-wolff-schule-dortmund.de\/wordpress\/wp-content\/gallery\/sozialtraining\/thumbs\/thumbs_IMG_6799.JPG\"\r\n               data-image-id=\"29\"\r\n               data-title=\"IMG_6799\"\r\n               data-description=\"\"\r\n               data-image-slug=\"img_6799\"\r\n               class=\"ngg-fancybox\" rel=\"d3f770b7a3c736d142c2abf26bc6a92e\">\r\n                <img loading=\"lazy\" decoding=\"async\"\r\n                    title=\"IMG_6799\"\r\n                    alt=\"IMG_6799\"\r\n                    src=\"https:\/\/jeanette-wolff-schule-dortmund.de\/wordpress\/wp-content\/gallery\/sozialtraining\/thumbs\/thumbs_IMG_6799.JPG\"\r\n                    width=\"120\"\r\n                    height=\"90\"\r\n                    style=\"max-width:100%;\"\r\n                \/>\r\n            <\/a>\r\n        <\/div>\r\n\t\t\t\t\t\t\t<\/div> \r\n\t\t\t\r\n\t\t\t\t<div id=\"ngg-image-2\" class=\"ngg-gallery-thumbnail-box \" >\r\n\t\t\t\t        <div class=\"ngg-gallery-thumbnail\">\r\n            <a href=\"https:\/\/jeanette-wolff-schule-dortmund.de\/wordpress\/wp-content\/gallery\/sozialtraining\/IMG_6800.JPG\"\r\n               title=\"\"\r\n               data-src=\"https:\/\/jeanette-wolff-schule-dortmund.de\/wordpress\/wp-content\/gallery\/sozialtraining\/IMG_6800.JPG\"\r\n               data-thumbnail=\"https:\/\/jeanette-wolff-schule-dortmund.de\/wordpress\/wp-content\/gallery\/sozialtraining\/thumbs\/thumbs_IMG_6800.JPG\"\r\n               data-image-id=\"30\"\r\n               data-title=\"IMG_6800\"\r\n               data-description=\"\"\r\n               data-image-slug=\"img_6800\"\r\n               class=\"ngg-fancybox\" rel=\"d3f770b7a3c736d142c2abf26bc6a92e\">\r\n                <img loading=\"lazy\" decoding=\"async\"\r\n                    title=\"IMG_6800\"\r\n                    alt=\"IMG_6800\"\r\n                    src=\"https:\/\/jeanette-wolff-schule-dortmund.de\/wordpress\/wp-content\/gallery\/sozialtraining\/thumbs\/thumbs_IMG_6800.JPG\"\r\n                    width=\"120\"\r\n                    height=\"90\"\r\n                    style=\"max-width:100%;\"\r\n                \/>\r\n            <\/a>\r\n        <\/div>\r\n\t\t\t\t\t\t\t<\/div> \r\n\t\t\t\r\n\t\t\t\t<div id=\"ngg-image-3\" class=\"ngg-gallery-thumbnail-box \" >\r\n\t\t\t\t        <div class=\"ngg-gallery-thumbnail\">\r\n            <a href=\"https:\/\/jeanette-wolff-schule-dortmund.de\/wordpress\/wp-content\/gallery\/sozialtraining\/IMG_6804.JPG\"\r\n               title=\"\"\r\n               data-src=\"https:\/\/jeanette-wolff-schule-dortmund.de\/wordpress\/wp-content\/gallery\/sozialtraining\/IMG_6804.JPG\"\r\n               data-thumbnail=\"https:\/\/jeanette-wolff-schule-dortmund.de\/wordpress\/wp-content\/gallery\/sozialtraining\/thumbs\/thumbs_IMG_6804.JPG\"\r\n               data-image-id=\"31\"\r\n               data-title=\"IMG_6804\"\r\n               data-description=\"\"\r\n               data-image-slug=\"img_6804\"\r\n               class=\"ngg-fancybox\" rel=\"d3f770b7a3c736d142c2abf26bc6a92e\">\r\n                <img loading=\"lazy\" decoding=\"async\"\r\n                    title=\"IMG_6804\"\r\n                    alt=\"IMG_6804\"\r\n                    src=\"https:\/\/jeanette-wolff-schule-dortmund.de\/wordpress\/wp-content\/gallery\/sozialtraining\/thumbs\/thumbs_IMG_6804.JPG\"\r\n                    width=\"120\"\r\n                    height=\"90\"\r\n                    style=\"max-width:100%;\"\r\n                \/>\r\n            <\/a>\r\n        <\/div>\r\n\t\t\t\t\t\t\t<\/div> \r\n\t\t\t\r\n\t\r\n\t<br style=\"clear: both\" \/>\r\n\r\n\t\t<div class=\"slideshowlink\">\r\n        <a href='https:\/\/jeanette-wolff-schule-dortmund.de\/wordpress\/sozialtraining\/nggallery\/slideshow'>[Show slideshow]<\/a>\r\n\t\t\r\n\t<\/div>\r\n\t\r\n\t\t<!-- Pagination -->\r\n\t<div class='ngg-clear'><\/div>\t<\/div>\r\n<\/p>\n<\/div><\/div><\/div><\/div><\/div>","protected":false},"excerpt":{"rendered":"<p>Zur Stundentafel jeder Klasse geh\u00f6rt auch das Sozialtraining, welches entweder im Rahmen einer Unterrichtsstunde oder in Projektform stattfindet.\u00a0Im Sozialtraining werden vielf\u00e4ltige Methoden und Materialien eingesetzt. Ziel ist es, die sozialen Kompetenzen der Sch\u00fclerinnen und Sch\u00fcler zu f\u00f6rdern und zu fordern. Kooperations\u00fcbungen, \u00dcbungen zur Selbst- und Fremdwahrnehmung und \u00dcbungen zur Konfliktl\u00f6sung geh\u00f6ren genauso zur Tagesordnung wie [&hellip;]<\/p>\n","protected":false},"author":1,"featured_media":0,"parent":0,"menu_order":0,"comment_status":"closed","ping_status":"closed","template":"","meta":{"ngg_post_thumbnail":0,"footnotes":""},"class_list":["post-704","page","type-page","status-publish","hentry"],"_links":{"self":[{"href":"https:\/\/jeanette-wolff-schule-dortmund.de\/wordpress\/wp-json\/wp\/v2\/pages\/704","targetHints":{"allow":["GET"]}}],"collection":[{"href":"https:\/\/jeanette-wolff-schule-dortmund.de\/wordpress\/wp-json\/wp\/v2\/pages"}],"about":[{"href":"https:\/\/jeanette-wolff-schule-dortmund.de\/wordpress\/wp-json\/wp\/v2\/types\/page"}],"author":[{"embeddable":true,"href":"https:\/\/jeanette-wolff-schule-dortmund.de\/wordpress\/wp-json\/wp\/v2\/users\/1"}],"replies":[{"embeddable":true,"href":"https:\/\/jeanette-wolff-schule-dortmund.de\/wordpress\/wp-json\/wp\/v2\/comments?post=704"}],"version-history":[{"count":3,"href":"https:\/\/jeanette-wolff-schule-dortmund.de\/wordpress\/wp-json\/wp\/v2\/pages\/704\/revisions"}],"predecessor-version":[{"id":717,"href":"https:\/\/jeanette-wolff-schule-dortmund.de\/wordpress\/wp-json\/wp\/v2\/pages\/704\/revisions\/717"}],"wp:attachment":[{"href":"https:\/\/jeanette-wolff-schule-dortmund.de\/wordpress\/wp-json\/wp\/v2\/media?parent=704"}],"curies":[{"name":"wp","href":"https:\/\/api.w.org\/{rel}","templated":true}]}}