{"id":718,"date":"2015-06-01T20:25:22","date_gmt":"2015-06-01T18:25:22","guid":{"rendered":"http:\/\/jeanette-wolff-schule-dortmund.de\/wordpress\/?page_id=718"},"modified":"2021-09-15T11:35:40","modified_gmt":"2021-09-15T09:35:40","slug":"mittagspause","status":"publish","type":"page","link":"https:\/\/jeanette-wolff-schule-dortmund.de\/wordpress\/mittagspause\/","title":{"rendered":"Mittagspause"},"content":{"rendered":"<div id=\"pl-718\"  class=\"panel-layout\" ><div id=\"pg-718-0\"  class=\"panel-grid panel-no-style\" ><div id=\"pgc-718-0-0\"  class=\"panel-grid-cell\" ><div id=\"panel-718-0-0-0\" class=\"so-panel widget widget_black-studio-tinymce widget_black_studio_tinymce panel-first-child panel-last-child\" data-index=\"0\" ><div class=\"textwidget\"><p style=\"text-align: justify;\">Unsere Mittagspause findet jeden Montag, Dienstag, Mittwoch und Donnerstag in der Zeit zwischen 13.25 Uhr und 14.10 Uhr statt. In dieser Zeit k\u00f6nnen die Sch\u00fclerinnen und Sch\u00fcler in unserer Cafeteria zu Mittag essen, oder ihre Pause aktiv in der Jugendfreizeitst\u00e4tte Mengede (JaM) gestalten. Die enge Kooperation mit dem JaM erm\u00f6glicht es unseren Sch\u00fclerinnen und Sch\u00fclern, Abwechslung in den langen Unterrichtstag zu bringen. So kann man in der Mittagspause ...<\/p>\n<\/div><\/div><\/div><\/div><div id=\"pg-718-1\"  class=\"panel-grid panel-no-style\" ><div id=\"pgc-718-1-0\"  class=\"panel-grid-cell\" ><div id=\"panel-718-1-0-0\" class=\"so-panel widget widget_siteorigin-panels-image panel-first-child panel-last-child\" data-index=\"1\" ><img decoding=\"async\" src=\"http:\/\/jeanette-wolff-schule-dortmund.de\/wordpress\/wp-content\/uploads\/IMG_6879.jpg\" \/><\/div><\/div><div id=\"pgc-718-1-1\"  class=\"panel-grid-cell\" ><div id=\"panel-718-1-1-0\" class=\"so-panel widget widget_black-studio-tinymce widget_black_studio_tinymce panel-first-child panel-last-child\" data-index=\"2\" ><div class=\"textwidget\"><p>... kickern ...<\/p>\n<\/div><\/div><\/div><\/div><div id=\"pg-718-2\"  class=\"panel-grid panel-no-style\" ><div id=\"pgc-718-2-0\"  class=\"panel-grid-cell\" ><div id=\"panel-718-2-0-0\" class=\"so-panel widget widget_siteorigin-panels-image panel-first-child panel-last-child\" data-index=\"3\" ><img decoding=\"async\" src=\"http:\/\/jeanette-wolff-schule-dortmund.de\/wordpress\/wp-content\/uploads\/IMG_6876.jpg\" \/><\/div><\/div><div id=\"pgc-718-2-1\"  class=\"panel-grid-cell\" ><div id=\"panel-718-2-1-0\" class=\"so-panel widget widget_black-studio-tinymce widget_black_studio_tinymce panel-first-child panel-last-child\" data-index=\"4\" ><div class=\"textwidget\"><p>... Trampolin springen ...<\/p>\n<\/div><\/div><\/div><\/div><div id=\"pg-718-3\"  class=\"panel-grid panel-no-style\" ><div id=\"pgc-718-3-0\"  class=\"panel-grid-cell\" ><div id=\"panel-718-3-0-0\" class=\"so-panel widget widget_siteorigin-panels-image panel-first-child panel-last-child\" data-index=\"5\" ><img decoding=\"async\" src=\"http:\/\/jeanette-wolff-schule-dortmund.de\/wordpress\/wp-content\/uploads\/IMG_6865.jpg\" \/><\/div><\/div><div id=\"pgc-718-3-1\"  class=\"panel-grid-cell\" ><div id=\"panel-718-3-1-0\" class=\"so-panel widget widget_black-studio-tinymce widget_black_studio_tinymce panel-first-child panel-last-child\" data-index=\"6\" ><div class=\"textwidget\"><p>... sich verkleiden ...<\/p>\n<\/div><\/div><\/div><\/div><div id=\"pg-718-4\"  class=\"panel-grid panel-no-style\" ><div id=\"pgc-718-4-0\"  class=\"panel-grid-cell\" ><div id=\"panel-718-4-0-0\" class=\"so-panel widget widget_siteorigin-panels-image panel-first-child panel-last-child\" data-index=\"7\" ><img decoding=\"async\" src=\"http:\/\/jeanette-wolff-schule-dortmund.de\/wordpress\/wp-content\/uploads\/IMG_6863.jpg\" \/><\/div><\/div><div id=\"pgc-718-4-1\"  class=\"panel-grid-cell\" ><div id=\"panel-718-4-1-0\" class=\"so-panel widget widget_black-studio-tinymce widget_black_studio_tinymce panel-first-child panel-last-child\" data-index=\"8\" ><div class=\"textwidget\"><p>... chillen ...<\/p>\n<\/div><\/div><\/div><\/div><div id=\"pg-718-5\"  class=\"panel-grid panel-no-style\" ><div id=\"pgc-718-5-0\"  class=\"panel-grid-cell\" ><div id=\"panel-718-5-0-0\" class=\"so-panel widget widget_siteorigin-panels-image panel-first-child panel-last-child\" data-index=\"9\" ><img decoding=\"async\" src=\"http:\/\/jeanette-wolff-schule-dortmund.de\/wordpress\/wp-content\/uploads\/IMG_6861.jpg\" \/><\/div><\/div><div id=\"pgc-718-5-1\"  class=\"panel-grid-cell\" ><div id=\"panel-718-5-1-0\" class=\"so-panel widget widget_black-studio-tinymce widget_black_studio_tinymce panel-first-child panel-last-child\" data-index=\"10\" ><div class=\"textwidget\"><p>... Fu\u00dfball spielen ...<\/p>\n<\/div><\/div><\/div><\/div><div id=\"pg-718-6\"  class=\"panel-grid panel-no-style\" ><div id=\"pgc-718-6-0\"  class=\"panel-grid-cell\" ><div id=\"panel-718-6-0-0\" class=\"so-panel widget widget_siteorigin-panels-image panel-first-child panel-last-child\" data-index=\"11\" ><img decoding=\"async\" src=\"http:\/\/jeanette-wolff-schule-dortmund.de\/wordpress\/wp-content\/uploads\/IMG_6859.jpg\" \/><\/div><\/div><div id=\"pgc-718-6-1\"  class=\"panel-grid-cell\" ><div id=\"panel-718-6-1-0\" class=\"so-panel widget widget_black-studio-tinymce widget_black_studio_tinymce panel-first-child panel-last-child\" data-index=\"12\" ><div class=\"textwidget\"><p>... Videospiele spielen ...<\/p>\n<\/div><\/div><\/div><\/div><div id=\"pg-718-7\"  class=\"panel-grid panel-no-style\" ><div id=\"pgc-718-7-0\"  class=\"panel-grid-cell\" ><div id=\"panel-718-7-0-0\" class=\"so-panel widget widget_siteorigin-panels-image panel-first-child panel-last-child\" data-index=\"13\" ><img decoding=\"async\" src=\"http:\/\/jeanette-wolff-schule-dortmund.de\/wordpress\/wp-content\/uploads\/IMG_6858.jpg\" \/><\/div><\/div><div id=\"pgc-718-7-1\"  class=\"panel-grid-cell\" ><div id=\"panel-718-7-1-0\" class=\"so-panel widget widget_black-studio-tinymce widget_black_studio_tinymce panel-first-child panel-last-child\" data-index=\"14\" ><div class=\"textwidget\"><p>... Billard spielen ...<\/p>\n<\/div><\/div><\/div><\/div><div id=\"pg-718-8\"  class=\"panel-grid panel-no-style\" ><div id=\"pgc-718-8-0\"  class=\"panel-grid-cell\" ><div id=\"panel-718-8-0-0\" class=\"so-panel widget widget_siteorigin-panels-image panel-first-child panel-last-child\" data-index=\"15\" ><img decoding=\"async\" src=\"http:\/\/jeanette-wolff-schule-dortmund.de\/wordpress\/wp-content\/uploads\/IMG_6867.jpg\" \/><\/div><\/div><div id=\"pgc-718-8-1\"  class=\"panel-grid-cell\" ><div id=\"panel-718-8-1-0\" class=\"so-panel widget widget_black-studio-tinymce widget_black_studio_tinymce panel-first-child panel-last-child\" data-index=\"16\" ><div class=\"textwidget\"><p style=\"text-align: justify;\">... und einfach eine tolle Zeit haben!<\/p>\n<p style=\"text-align: justify;\">Wir bedanken uns beim Team des JaM (Leiterin Kristina Schmidt hier rechts im Bild), f\u00fcr die Erm\u00f6glichung!<\/p>\n<\/div><\/div><\/div><\/div><\/div>","protected":false},"excerpt":{"rendered":"<p>Unsere Mittagspause findet jeden Montag, Dienstag, Mittwoch und Donnerstag in der Zeit zwischen 13.25 Uhr und 14.10 Uhr statt. In dieser Zeit k\u00f6nnen die Sch\u00fclerinnen und Sch\u00fcler in unserer Cafeteria zu Mittag essen, oder ihre Pause aktiv in der Jugendfreizeitst\u00e4tte Mengede (JaM) gestalten. Die enge Kooperation mit dem JaM erm\u00f6glicht es unseren Sch\u00fclerinnen und Sch\u00fclern, [&hellip;]<\/p>\n","protected":false},"author":1,"featured_media":0,"parent":0,"menu_order":0,"comment_status":"closed","ping_status":"closed","template":"","meta":{"ngg_post_thumbnail":0,"footnotes":""},"class_list":["post-718","page","type-page","status-publish","hentry"],"_links":{"self":[{"href":"https:\/\/jeanette-wolff-schule-dortmund.de\/wordpress\/wp-json\/wp\/v2\/pages\/718","targetHints":{"allow":["GET"]}}],"collection":[{"href":"https:\/\/jeanette-wolff-schule-dortmund.de\/wordpress\/wp-json\/wp\/v2\/pages"}],"about":[{"href":"https:\/\/jeanette-wolff-schule-dortmund.de\/wordpress\/wp-json\/wp\/v2\/types\/page"}],"author":[{"embeddable":true,"href":"https:\/\/jeanette-wolff-schule-dortmund.de\/wordpress\/wp-json\/wp\/v2\/users\/1"}],"replies":[{"embeddable":true,"href":"https:\/\/jeanette-wolff-schule-dortmund.de\/wordpress\/wp-json\/wp\/v2\/comments?post=718"}],"version-history":[{"count":8,"href":"https:\/\/jeanette-wolff-schule-dortmund.de\/wordpress\/wp-json\/wp\/v2\/pages\/718\/revisions"}],"predecessor-version":[{"id":2708,"href":"https:\/\/jeanette-wolff-schule-dortmund.de\/wordpress\/wp-json\/wp\/v2\/pages\/718\/revisions\/2708"}],"wp:attachment":[{"href":"https:\/\/jeanette-wolff-schule-dortmund.de\/wordpress\/wp-json\/wp\/v2\/media?parent=718"}],"curies":[{"name":"wp","href":"https:\/\/api.w.org\/{rel}","templated":true}]}}